{"id":6610,"date":"2025-11-17T13:48:10","date_gmt":"2025-11-17T12:48:10","guid":{"rendered":"https:\/\/fiskarheden.se\/?page_id=6610"},"modified":"2025-11-17T13:54:13","modified_gmt":"2025-11-17T12:54:13","slug":"dalabygg-lima-salen","status":"publish","type":"page","link":"https:\/\/fiskarheden.se\/en\/construction\/dalabygg-lima-salen\/","title":{"rendered":"Dalabygg Lima-S\u00e4len"},"content":{"rendered":"\n<h2 class=\"wp-block-heading\">Passionate about creating and preserving<\/h2>\n\n\n\n<p>Dalabygg Lima-S\u00e4len is a local company with deep roots in Lima and S\u00e4len, surrounded by the beautiful nature of Dalarna. Forests, mountains and craftsmanship have always been a natural part of life here, and they are also the foundation of what we do.<\/p>\n\n\n\n<p>We are passionate about creating and preserving \u2013 whether it\u2019s renovating a home, restoring a log cabin or managing the forest so it continues to grow and give life. Our work is not just about wood and tools, but about creating something that truly makes a difference for our customers. A new kitchen where the family gathers, a deck where summer evenings last longer, or a well-managed forest that provides future opportunities.<\/p>\n\n\n\n<p>As a small company, we value quality and care in every project. We want every customer to feel confident that what we build and maintain is sustainable, beautiful and practical \u2013 something to enjoy for many years to come.<br><\/p>\n\n\n<a href=\"https:\/\/www.dalabygglimasalen.se\" target=\"_blank\"\n    class=\"rounded inline-block transition-all hover:underline flex items-center font-semibold leading-none py-5 bg-theme-blue-standard text-white hover:bg-theme-blue-dark px-8 py-4 my-2 w-fit flex justify-center items-center font-medium\">\n    <svg xmlns=\"http:\/\/www.w3.org\/2000\/svg\" viewBox=\"0 0 12 12\" class=\"-rotate-90 h-3 fill-white inline-block mr-1\">\n    <polygon points=\"10.6 2.44998779 6 7.04998779 1.4 2.44998779 0 3.84998779 6 9.84998779 12 3.84998779\">\n    <\/polygon>\n<\/svg>\nLearn more at dalabygglimasalen.se<\/a>\n","protected":false},"excerpt":{"rendered":"<p>Passionate about creating and preserving Dalabygg Lima-S\u00e4len is a local company with deep roots in Lima and S\u00e4len, surrounded by the beautiful nature of Dalarna. Forests, mountains and craftsmanship have always been a natural part of life here, and they are also the foundation of what we do. We are passionate about creating and preserving [&hellip;]<\/p>\n","protected":false},"author":4,"featured_media":6612,"parent":6272,"menu_order":0,"comment_status":"closed","ping_status":"closed","template":"information","meta":{"_acf_changed":false,"footnotes":""},"class_list":["post-6610","page","type-page","status-publish","has-post-thumbnail","hentry"],"acf":[],"yoast_head":"<!-- This site is optimized with the Yoast SEO plugin v27.4 - https:\/\/yoast.com\/product\/yoast-seo-wordpress\/ -->\n<title>Dalabygg Lima-S\u00e4len - Fiskarheden<\/title>\n<meta name=\"description\" content=\"Vi brinner f\u00f6r att skapa och bevara \u2013 vare sig det handlar om att bygga om ett hem, renovera en timmerstuga eller sk\u00f6ta skogen s\u00e5 att den forts\u00e4tter att ge liv och v\u00e4xa.\" \/>\n<meta name=\"robots\" content=\"index, follow, max-snippet:-1, max-image-preview:large, max-video-preview:-1\" \/>\n<link rel=\"canonical\" href=\"https:\/\/fiskarheden.se\/en\/construction\/dalabygg-lima-salen\/\" \/>\n<meta property=\"og:locale\" content=\"en_US\" \/>\n<meta property=\"og:type\" content=\"article\" \/>\n<meta property=\"og:title\" content=\"Dalabygg Lima-S\u00e4len - Fiskarheden\" \/>\n<meta property=\"og:description\" content=\"Vi brinner f\u00f6r att skapa och bevara \u2013 vare sig det handlar om att bygga om ett hem, renovera en timmerstuga eller sk\u00f6ta skogen s\u00e5 att den forts\u00e4tter att ge liv och v\u00e4xa.\" \/>\n<meta property=\"og:url\" content=\"https:\/\/fiskarheden.se\/en\/construction\/dalabygg-lima-salen\/\" \/>\n<meta property=\"og:site_name\" content=\"Fiskarheden\" \/>\n<meta property=\"article:publisher\" content=\"https:\/\/www.facebook.com\/FiskarhedensTravaruAb\" \/>\n<meta property=\"article:modified_time\" content=\"2025-11-17T12:54:13+00:00\" \/>\n<meta property=\"og:image\" content=\"https:\/\/fiskarheden.se\/wp-content\/uploads\/2025\/11\/dalabygg.jpg\" \/>\n\t<meta property=\"og:image:width\" content=\"972\" \/>\n\t<meta property=\"og:image:height\" content=\"1215\" \/>\n\t<meta property=\"og:image:type\" content=\"image\/jpeg\" \/>\n<meta name=\"twitter:card\" content=\"summary_large_image\" \/>\n<meta name=\"twitter:label1\" content=\"Est. reading time\" \/>\n\t<meta name=\"twitter:data1\" content=\"1 minute\" \/>\n<script type=\"application\/ld+json\" class=\"yoast-schema-graph\">{\"@context\":\"https:\\\/\\\/schema.org\",\"@graph\":[{\"@type\":\"WebPage\",\"@id\":\"https:\\\/\\\/fiskarheden.se\\\/en\\\/construction\\\/dalabygg-lima-salen\\\/\",\"url\":\"https:\\\/\\\/fiskarheden.se\\\/en\\\/construction\\\/dalabygg-lima-salen\\\/\",\"name\":\"Dalabygg Lima-S\u00e4len - Fiskarheden\",\"isPartOf\":{\"@id\":\"https:\\\/\\\/fiskarheden.se\\\/en\\\/#website\"},\"primaryImageOfPage\":{\"@id\":\"https:\\\/\\\/fiskarheden.se\\\/en\\\/construction\\\/dalabygg-lima-salen\\\/#primaryimage\"},\"image\":{\"@id\":\"https:\\\/\\\/fiskarheden.se\\\/en\\\/construction\\\/dalabygg-lima-salen\\\/#primaryimage\"},\"thumbnailUrl\":\"https:\\\/\\\/fiskarheden.se\\\/wp-content\\\/uploads\\\/2025\\\/11\\\/dalabygg.jpg\",\"datePublished\":\"2025-11-17T12:48:10+00:00\",\"dateModified\":\"2025-11-17T12:54:13+00:00\",\"description\":\"Vi brinner f\u00f6r att skapa och bevara \u2013 vare sig det handlar om att bygga om ett hem, renovera en timmerstuga eller sk\u00f6ta skogen s\u00e5 att den forts\u00e4tter att ge liv och v\u00e4xa.\",\"breadcrumb\":{\"@id\":\"https:\\\/\\\/fiskarheden.se\\\/en\\\/construction\\\/dalabygg-lima-salen\\\/#breadcrumb\"},\"inLanguage\":\"en-US\",\"potentialAction\":[{\"@type\":\"ReadAction\",\"target\":[\"https:\\\/\\\/fiskarheden.se\\\/en\\\/construction\\\/dalabygg-lima-salen\\\/\"]}]},{\"@type\":\"ImageObject\",\"inLanguage\":\"en-US\",\"@id\":\"https:\\\/\\\/fiskarheden.se\\\/en\\\/construction\\\/dalabygg-lima-salen\\\/#primaryimage\",\"url\":\"https:\\\/\\\/fiskarheden.se\\\/wp-content\\\/uploads\\\/2025\\\/11\\\/dalabygg.jpg\",\"contentUrl\":\"https:\\\/\\\/fiskarheden.se\\\/wp-content\\\/uploads\\\/2025\\\/11\\\/dalabygg.jpg\",\"width\":972,\"height\":1215},{\"@type\":\"BreadcrumbList\",\"@id\":\"https:\\\/\\\/fiskarheden.se\\\/en\\\/construction\\\/dalabygg-lima-salen\\\/#breadcrumb\",\"itemListElement\":[{\"@type\":\"ListItem\",\"position\":1,\"name\":\"Hem\",\"item\":\"https:\\\/\\\/fiskarheden.se\\\/en\\\/\"},{\"@type\":\"ListItem\",\"position\":2,\"name\":\"Construction\",\"item\":\"https:\\\/\\\/fiskarheden.se\\\/en\\\/construction\\\/\"},{\"@type\":\"ListItem\",\"position\":3,\"name\":\"Dalabygg Lima-S\u00e4len\"}]},{\"@type\":\"WebSite\",\"@id\":\"https:\\\/\\\/fiskarheden.se\\\/en\\\/#website\",\"url\":\"https:\\\/\\\/fiskarheden.se\\\/en\\\/\",\"name\":\"Fiskarheden\",\"description\":\"Timber that makes a difference\",\"publisher\":{\"@id\":\"https:\\\/\\\/fiskarheden.se\\\/en\\\/#organization\"},\"potentialAction\":[{\"@type\":\"SearchAction\",\"target\":{\"@type\":\"EntryPoint\",\"urlTemplate\":\"https:\\\/\\\/fiskarheden.se\\\/en\\\/?s={search_term_string}\"},\"query-input\":{\"@type\":\"PropertyValueSpecification\",\"valueRequired\":true,\"valueName\":\"search_term_string\"}}],\"inLanguage\":\"en-US\"},{\"@type\":\"Organization\",\"@id\":\"https:\\\/\\\/fiskarheden.se\\\/en\\\/#organization\",\"name\":\"Fiskarheden\",\"url\":\"https:\\\/\\\/fiskarheden.se\\\/en\\\/\",\"logo\":{\"@type\":\"ImageObject\",\"inLanguage\":\"en-US\",\"@id\":\"https:\\\/\\\/fiskarheden.se\\\/en\\\/#\\\/schema\\\/logo\\\/image\\\/\",\"url\":\"https:\\\/\\\/fiskarheden.se\\\/wp-content\\\/uploads\\\/2022\\\/12\\\/logo-at-2x.png\",\"contentUrl\":\"https:\\\/\\\/fiskarheden.se\\\/wp-content\\\/uploads\\\/2022\\\/12\\\/logo-at-2x.png\",\"width\":532,\"height\":88,\"caption\":\"Fiskarheden\"},\"image\":{\"@id\":\"https:\\\/\\\/fiskarheden.se\\\/en\\\/#\\\/schema\\\/logo\\\/image\\\/\"},\"sameAs\":[\"https:\\\/\\\/www.facebook.com\\\/FiskarhedensTravaruAb\"]}]}<\/script>\n<!-- \/ Yoast SEO plugin. -->","yoast_head_json":{"title":"Dalabygg Lima-S\u00e4len - Fiskarheden","description":"Vi brinner f\u00f6r att skapa och bevara \u2013 vare sig det handlar om att bygga om ett hem, renovera en timmerstuga eller sk\u00f6ta skogen s\u00e5 att den forts\u00e4tter att ge liv och v\u00e4xa.","robots":{"index":"index","follow":"follow","max-snippet":"max-snippet:-1","max-image-preview":"max-image-preview:large","max-video-preview":"max-video-preview:-1"},"canonical":"https:\/\/fiskarheden.se\/en\/construction\/dalabygg-lima-salen\/","og_locale":"en_US","og_type":"article","og_title":"Dalabygg Lima-S\u00e4len - Fiskarheden","og_description":"Vi brinner f\u00f6r att skapa och bevara \u2013 vare sig det handlar om att bygga om ett hem, renovera en timmerstuga eller sk\u00f6ta skogen s\u00e5 att den forts\u00e4tter att ge liv och v\u00e4xa.","og_url":"https:\/\/fiskarheden.se\/en\/construction\/dalabygg-lima-salen\/","og_site_name":"Fiskarheden","article_publisher":"https:\/\/www.facebook.com\/FiskarhedensTravaruAb","article_modified_time":"2025-11-17T12:54:13+00:00","og_image":[{"width":972,"height":1215,"url":"https:\/\/fiskarheden.se\/wp-content\/uploads\/2025\/11\/dalabygg.jpg","type":"image\/jpeg"}],"twitter_card":"summary_large_image","twitter_misc":{"Est. reading time":"1 minute"},"schema":{"@context":"https:\/\/schema.org","@graph":[{"@type":"WebPage","@id":"https:\/\/fiskarheden.se\/en\/construction\/dalabygg-lima-salen\/","url":"https:\/\/fiskarheden.se\/en\/construction\/dalabygg-lima-salen\/","name":"Dalabygg Lima-S\u00e4len - Fiskarheden","isPartOf":{"@id":"https:\/\/fiskarheden.se\/en\/#website"},"primaryImageOfPage":{"@id":"https:\/\/fiskarheden.se\/en\/construction\/dalabygg-lima-salen\/#primaryimage"},"image":{"@id":"https:\/\/fiskarheden.se\/en\/construction\/dalabygg-lima-salen\/#primaryimage"},"thumbnailUrl":"https:\/\/fiskarheden.se\/wp-content\/uploads\/2025\/11\/dalabygg.jpg","datePublished":"2025-11-17T12:48:10+00:00","dateModified":"2025-11-17T12:54:13+00:00","description":"Vi brinner f\u00f6r att skapa och bevara \u2013 vare sig det handlar om att bygga om ett hem, renovera en timmerstuga eller sk\u00f6ta skogen s\u00e5 att den forts\u00e4tter att ge liv och v\u00e4xa.","breadcrumb":{"@id":"https:\/\/fiskarheden.se\/en\/construction\/dalabygg-lima-salen\/#breadcrumb"},"inLanguage":"en-US","potentialAction":[{"@type":"ReadAction","target":["https:\/\/fiskarheden.se\/en\/construction\/dalabygg-lima-salen\/"]}]},{"@type":"ImageObject","inLanguage":"en-US","@id":"https:\/\/fiskarheden.se\/en\/construction\/dalabygg-lima-salen\/#primaryimage","url":"https:\/\/fiskarheden.se\/wp-content\/uploads\/2025\/11\/dalabygg.jpg","contentUrl":"https:\/\/fiskarheden.se\/wp-content\/uploads\/2025\/11\/dalabygg.jpg","width":972,"height":1215},{"@type":"BreadcrumbList","@id":"https:\/\/fiskarheden.se\/en\/construction\/dalabygg-lima-salen\/#breadcrumb","itemListElement":[{"@type":"ListItem","position":1,"name":"Hem","item":"https:\/\/fiskarheden.se\/en\/"},{"@type":"ListItem","position":2,"name":"Construction","item":"https:\/\/fiskarheden.se\/en\/construction\/"},{"@type":"ListItem","position":3,"name":"Dalabygg Lima-S\u00e4len"}]},{"@type":"WebSite","@id":"https:\/\/fiskarheden.se\/en\/#website","url":"https:\/\/fiskarheden.se\/en\/","name":"Fiskarheden","description":"Timber that makes a difference","publisher":{"@id":"https:\/\/fiskarheden.se\/en\/#organization"},"potentialAction":[{"@type":"SearchAction","target":{"@type":"EntryPoint","urlTemplate":"https:\/\/fiskarheden.se\/en\/?s={search_term_string}"},"query-input":{"@type":"PropertyValueSpecification","valueRequired":true,"valueName":"search_term_string"}}],"inLanguage":"en-US"},{"@type":"Organization","@id":"https:\/\/fiskarheden.se\/en\/#organization","name":"Fiskarheden","url":"https:\/\/fiskarheden.se\/en\/","logo":{"@type":"ImageObject","inLanguage":"en-US","@id":"https:\/\/fiskarheden.se\/en\/#\/schema\/logo\/image\/","url":"https:\/\/fiskarheden.se\/wp-content\/uploads\/2022\/12\/logo-at-2x.png","contentUrl":"https:\/\/fiskarheden.se\/wp-content\/uploads\/2022\/12\/logo-at-2x.png","width":532,"height":88,"caption":"Fiskarheden"},"image":{"@id":"https:\/\/fiskarheden.se\/en\/#\/schema\/logo\/image\/"},"sameAs":["https:\/\/www.facebook.com\/FiskarhedensTravaruAb"]}]}},"_links":{"self":[{"href":"https:\/\/fiskarheden.se\/en\/wp-json\/wp\/v2\/pages\/6610","targetHints":{"allow":["GET"]}}],"collection":[{"href":"https:\/\/fiskarheden.se\/en\/wp-json\/wp\/v2\/pages"}],"about":[{"href":"https:\/\/fiskarheden.se\/en\/wp-json\/wp\/v2\/types\/page"}],"author":[{"embeddable":true,"href":"https:\/\/fiskarheden.se\/en\/wp-json\/wp\/v2\/users\/4"}],"replies":[{"embeddable":true,"href":"https:\/\/fiskarheden.se\/en\/wp-json\/wp\/v2\/comments?post=6610"}],"version-history":[{"count":1,"href":"https:\/\/fiskarheden.se\/en\/wp-json\/wp\/v2\/pages\/6610\/revisions"}],"predecessor-version":[{"id":6614,"href":"https:\/\/fiskarheden.se\/en\/wp-json\/wp\/v2\/pages\/6610\/revisions\/6614"}],"up":[{"embeddable":true,"href":"https:\/\/fiskarheden.se\/en\/wp-json\/wp\/v2\/pages\/6272"}],"wp:featuredmedia":[{"embeddable":true,"href":"https:\/\/fiskarheden.se\/en\/wp-json\/wp\/v2\/media\/6612"}],"wp:attachment":[{"href":"https:\/\/fiskarheden.se\/en\/wp-json\/wp\/v2\/media?parent=6610"}],"curies":[{"name":"wp","href":"https:\/\/api.w.org\/{rel}","templated":true}]}}