{"id":6592,"date":"2025-11-07T10:30:34","date_gmt":"2025-11-07T09:30:34","guid":{"rendered":"https:\/\/fiskarheden.se\/?page_id=6592"},"modified":"2025-11-07T10:34:28","modified_gmt":"2025-11-07T09:34:28","slug":"pero-i-sarna","status":"publish","type":"page","link":"https:\/\/fiskarheden.se\/en\/construction\/pero-i-sarna\/","title":{"rendered":"PeRo i S\u00e4rna"},"content":{"rendered":"\n<h2 class=\"wp-block-heading\">Contracting company based in S\u00e4rna<\/h2>\n\n\n\n<p>PeRo is one of S\u00e4rna\u2019s largest private employers. Active within contracting, transport, and snow clearing, with assignments across northern Dalarna.<br>Curiosity and the drive to find solutions and take on challenges have shaped the company into what it is today. One of our major milestones was the opening of the rock quarry in Idre in 2022 \u2013 now in full operation.<\/p>\n\n\n\n<p>Since the autumn of 2025, PeRo has been part of Grefs within the Fiskarheden Group, something that further strengthens our position and gives us even better opportunities to grow together with our customers.<\/p>\n\n\n\n<p>An important part of our operations has always been to stand on many \u201clegs\u201d and to work for and within S\u00e4rna. Our large capacity and broad expertise allow us to serve both existing and new customers in a reliable and trustworthy way.<\/p>\n\n\n\n<p><br><\/p>\n\n\n<a href=\"http:\/\/www.peroab.se\" target=\"_blank\"\n    class=\"rounded inline-block transition-all hover:underline flex items-center font-semibold leading-none py-5 bg-theme-blue-standard text-white hover:bg-theme-blue-dark px-8 py-4 my-2 w-fit flex justify-center items-center font-medium\">\n    <svg xmlns=\"http:\/\/www.w3.org\/2000\/svg\" viewBox=\"0 0 12 12\" class=\"-rotate-90 h-3 fill-white inline-block mr-1\">\n    <polygon points=\"10.6 2.44998779 6 7.04998779 1.4 2.44998779 0 3.84998779 6 9.84998779 12 3.84998779\">\n    <\/polygon>\n<\/svg>\nRead more at peroab.se<\/a>\n\n\n\n<p><\/p>\n","protected":false},"excerpt":{"rendered":"<p>Contracting company based in S\u00e4rna PeRo is one of S\u00e4rna\u2019s largest private employers. Active within contracting, transport, and snow clearing, with assignments across northern Dalarna.Curiosity and the drive to find solutions and take on challenges have shaped the company into what it is today. One of our major milestones was the opening of the rock [&hellip;]<\/p>\n","protected":false},"author":4,"featured_media":6594,"parent":6272,"menu_order":0,"comment_status":"closed","ping_status":"closed","template":"information","meta":{"_acf_changed":false,"footnotes":""},"class_list":["post-6592","page","type-page","status-publish","has-post-thumbnail","hentry"],"acf":[],"yoast_head":"<!-- This site is optimized with the Yoast SEO plugin v27.4 - https:\/\/yoast.com\/product\/yoast-seo-wordpress\/ -->\n<title>Pero i S\u00e4rna - Fiskarheden<\/title>\n<meta name=\"description\" content=\"PeRo \u00e4r en av S\u00e4rnas st\u00f6rsta privata arbetsgivare. Verksamma inom entreprenad, transport och sn\u00f6r\u00f6jning med uppdrag i norra Dalarna.\" \/>\n<meta name=\"robots\" content=\"index, follow, max-snippet:-1, max-image-preview:large, max-video-preview:-1\" \/>\n<link rel=\"canonical\" href=\"https:\/\/fiskarheden.se\/en\/construction\/pero-i-sarna\/\" \/>\n<meta property=\"og:locale\" content=\"en_US\" \/>\n<meta property=\"og:type\" content=\"article\" \/>\n<meta property=\"og:title\" content=\"Pero i S\u00e4rna - Fiskarheden\" \/>\n<meta property=\"og:description\" content=\"PeRo \u00e4r en av S\u00e4rnas st\u00f6rsta privata arbetsgivare. Verksamma inom entreprenad, transport och sn\u00f6r\u00f6jning med uppdrag i norra Dalarna.\" \/>\n<meta property=\"og:url\" content=\"https:\/\/fiskarheden.se\/en\/construction\/pero-i-sarna\/\" \/>\n<meta property=\"og:site_name\" content=\"Fiskarheden\" \/>\n<meta property=\"article:publisher\" content=\"https:\/\/www.facebook.com\/FiskarhedensTravaruAb\" \/>\n<meta property=\"article:modified_time\" content=\"2025-11-07T09:34:28+00:00\" \/>\n<meta property=\"og:image\" content=\"https:\/\/fiskarheden.se\/wp-content\/uploads\/2025\/11\/pero.jpg\" \/>\n\t<meta property=\"og:image:width\" content=\"800\" \/>\n\t<meta property=\"og:image:height\" content=\"785\" \/>\n\t<meta property=\"og:image:type\" content=\"image\/jpeg\" \/>\n<meta name=\"twitter:card\" content=\"summary_large_image\" \/>\n<meta name=\"twitter:label1\" content=\"Est. reading time\" \/>\n\t<meta name=\"twitter:data1\" content=\"1 minute\" \/>\n<script type=\"application\/ld+json\" class=\"yoast-schema-graph\">{\"@context\":\"https:\\\/\\\/schema.org\",\"@graph\":[{\"@type\":\"WebPage\",\"@id\":\"https:\\\/\\\/fiskarheden.se\\\/en\\\/construction\\\/pero-i-sarna\\\/\",\"url\":\"https:\\\/\\\/fiskarheden.se\\\/en\\\/construction\\\/pero-i-sarna\\\/\",\"name\":\"Pero i S\u00e4rna - Fiskarheden\",\"isPartOf\":{\"@id\":\"https:\\\/\\\/fiskarheden.se\\\/en\\\/#website\"},\"primaryImageOfPage\":{\"@id\":\"https:\\\/\\\/fiskarheden.se\\\/en\\\/construction\\\/pero-i-sarna\\\/#primaryimage\"},\"image\":{\"@id\":\"https:\\\/\\\/fiskarheden.se\\\/en\\\/construction\\\/pero-i-sarna\\\/#primaryimage\"},\"thumbnailUrl\":\"https:\\\/\\\/fiskarheden.se\\\/wp-content\\\/uploads\\\/2025\\\/11\\\/pero.jpg\",\"datePublished\":\"2025-11-07T09:30:34+00:00\",\"dateModified\":\"2025-11-07T09:34:28+00:00\",\"description\":\"PeRo \u00e4r en av S\u00e4rnas st\u00f6rsta privata arbetsgivare. Verksamma inom entreprenad, transport och sn\u00f6r\u00f6jning med uppdrag i norra Dalarna.\",\"breadcrumb\":{\"@id\":\"https:\\\/\\\/fiskarheden.se\\\/en\\\/construction\\\/pero-i-sarna\\\/#breadcrumb\"},\"inLanguage\":\"en-US\",\"potentialAction\":[{\"@type\":\"ReadAction\",\"target\":[\"https:\\\/\\\/fiskarheden.se\\\/en\\\/construction\\\/pero-i-sarna\\\/\"]}]},{\"@type\":\"ImageObject\",\"inLanguage\":\"en-US\",\"@id\":\"https:\\\/\\\/fiskarheden.se\\\/en\\\/construction\\\/pero-i-sarna\\\/#primaryimage\",\"url\":\"https:\\\/\\\/fiskarheden.se\\\/wp-content\\\/uploads\\\/2025\\\/11\\\/pero.jpg\",\"contentUrl\":\"https:\\\/\\\/fiskarheden.se\\\/wp-content\\\/uploads\\\/2025\\\/11\\\/pero.jpg\",\"width\":800,\"height\":785},{\"@type\":\"BreadcrumbList\",\"@id\":\"https:\\\/\\\/fiskarheden.se\\\/en\\\/construction\\\/pero-i-sarna\\\/#breadcrumb\",\"itemListElement\":[{\"@type\":\"ListItem\",\"position\":1,\"name\":\"Hem\",\"item\":\"https:\\\/\\\/fiskarheden.se\\\/en\\\/\"},{\"@type\":\"ListItem\",\"position\":2,\"name\":\"Construction\",\"item\":\"https:\\\/\\\/fiskarheden.se\\\/en\\\/construction\\\/\"},{\"@type\":\"ListItem\",\"position\":3,\"name\":\"PeRo i S\u00e4rna\"}]},{\"@type\":\"WebSite\",\"@id\":\"https:\\\/\\\/fiskarheden.se\\\/en\\\/#website\",\"url\":\"https:\\\/\\\/fiskarheden.se\\\/en\\\/\",\"name\":\"Fiskarheden\",\"description\":\"Timber that makes a difference\",\"publisher\":{\"@id\":\"https:\\\/\\\/fiskarheden.se\\\/en\\\/#organization\"},\"potentialAction\":[{\"@type\":\"SearchAction\",\"target\":{\"@type\":\"EntryPoint\",\"urlTemplate\":\"https:\\\/\\\/fiskarheden.se\\\/en\\\/?s={search_term_string}\"},\"query-input\":{\"@type\":\"PropertyValueSpecification\",\"valueRequired\":true,\"valueName\":\"search_term_string\"}}],\"inLanguage\":\"en-US\"},{\"@type\":\"Organization\",\"@id\":\"https:\\\/\\\/fiskarheden.se\\\/en\\\/#organization\",\"name\":\"Fiskarheden\",\"url\":\"https:\\\/\\\/fiskarheden.se\\\/en\\\/\",\"logo\":{\"@type\":\"ImageObject\",\"inLanguage\":\"en-US\",\"@id\":\"https:\\\/\\\/fiskarheden.se\\\/en\\\/#\\\/schema\\\/logo\\\/image\\\/\",\"url\":\"https:\\\/\\\/fiskarheden.se\\\/wp-content\\\/uploads\\\/2022\\\/12\\\/logo-at-2x.png\",\"contentUrl\":\"https:\\\/\\\/fiskarheden.se\\\/wp-content\\\/uploads\\\/2022\\\/12\\\/logo-at-2x.png\",\"width\":532,\"height\":88,\"caption\":\"Fiskarheden\"},\"image\":{\"@id\":\"https:\\\/\\\/fiskarheden.se\\\/en\\\/#\\\/schema\\\/logo\\\/image\\\/\"},\"sameAs\":[\"https:\\\/\\\/www.facebook.com\\\/FiskarhedensTravaruAb\"]}]}<\/script>\n<!-- \/ Yoast SEO plugin. -->","yoast_head_json":{"title":"Pero i S\u00e4rna - Fiskarheden","description":"PeRo \u00e4r en av S\u00e4rnas st\u00f6rsta privata arbetsgivare. Verksamma inom entreprenad, transport och sn\u00f6r\u00f6jning med uppdrag i norra Dalarna.","robots":{"index":"index","follow":"follow","max-snippet":"max-snippet:-1","max-image-preview":"max-image-preview:large","max-video-preview":"max-video-preview:-1"},"canonical":"https:\/\/fiskarheden.se\/en\/construction\/pero-i-sarna\/","og_locale":"en_US","og_type":"article","og_title":"Pero i S\u00e4rna - Fiskarheden","og_description":"PeRo \u00e4r en av S\u00e4rnas st\u00f6rsta privata arbetsgivare. Verksamma inom entreprenad, transport och sn\u00f6r\u00f6jning med uppdrag i norra Dalarna.","og_url":"https:\/\/fiskarheden.se\/en\/construction\/pero-i-sarna\/","og_site_name":"Fiskarheden","article_publisher":"https:\/\/www.facebook.com\/FiskarhedensTravaruAb","article_modified_time":"2025-11-07T09:34:28+00:00","og_image":[{"width":800,"height":785,"url":"https:\/\/fiskarheden.se\/wp-content\/uploads\/2025\/11\/pero.jpg","type":"image\/jpeg"}],"twitter_card":"summary_large_image","twitter_misc":{"Est. reading time":"1 minute"},"schema":{"@context":"https:\/\/schema.org","@graph":[{"@type":"WebPage","@id":"https:\/\/fiskarheden.se\/en\/construction\/pero-i-sarna\/","url":"https:\/\/fiskarheden.se\/en\/construction\/pero-i-sarna\/","name":"Pero i S\u00e4rna - Fiskarheden","isPartOf":{"@id":"https:\/\/fiskarheden.se\/en\/#website"},"primaryImageOfPage":{"@id":"https:\/\/fiskarheden.se\/en\/construction\/pero-i-sarna\/#primaryimage"},"image":{"@id":"https:\/\/fiskarheden.se\/en\/construction\/pero-i-sarna\/#primaryimage"},"thumbnailUrl":"https:\/\/fiskarheden.se\/wp-content\/uploads\/2025\/11\/pero.jpg","datePublished":"2025-11-07T09:30:34+00:00","dateModified":"2025-11-07T09:34:28+00:00","description":"PeRo \u00e4r en av S\u00e4rnas st\u00f6rsta privata arbetsgivare. Verksamma inom entreprenad, transport och sn\u00f6r\u00f6jning med uppdrag i norra Dalarna.","breadcrumb":{"@id":"https:\/\/fiskarheden.se\/en\/construction\/pero-i-sarna\/#breadcrumb"},"inLanguage":"en-US","potentialAction":[{"@type":"ReadAction","target":["https:\/\/fiskarheden.se\/en\/construction\/pero-i-sarna\/"]}]},{"@type":"ImageObject","inLanguage":"en-US","@id":"https:\/\/fiskarheden.se\/en\/construction\/pero-i-sarna\/#primaryimage","url":"https:\/\/fiskarheden.se\/wp-content\/uploads\/2025\/11\/pero.jpg","contentUrl":"https:\/\/fiskarheden.se\/wp-content\/uploads\/2025\/11\/pero.jpg","width":800,"height":785},{"@type":"BreadcrumbList","@id":"https:\/\/fiskarheden.se\/en\/construction\/pero-i-sarna\/#breadcrumb","itemListElement":[{"@type":"ListItem","position":1,"name":"Hem","item":"https:\/\/fiskarheden.se\/en\/"},{"@type":"ListItem","position":2,"name":"Construction","item":"https:\/\/fiskarheden.se\/en\/construction\/"},{"@type":"ListItem","position":3,"name":"PeRo i S\u00e4rna"}]},{"@type":"WebSite","@id":"https:\/\/fiskarheden.se\/en\/#website","url":"https:\/\/fiskarheden.se\/en\/","name":"Fiskarheden","description":"Timber that makes a difference","publisher":{"@id":"https:\/\/fiskarheden.se\/en\/#organization"},"potentialAction":[{"@type":"SearchAction","target":{"@type":"EntryPoint","urlTemplate":"https:\/\/fiskarheden.se\/en\/?s={search_term_string}"},"query-input":{"@type":"PropertyValueSpecification","valueRequired":true,"valueName":"search_term_string"}}],"inLanguage":"en-US"},{"@type":"Organization","@id":"https:\/\/fiskarheden.se\/en\/#organization","name":"Fiskarheden","url":"https:\/\/fiskarheden.se\/en\/","logo":{"@type":"ImageObject","inLanguage":"en-US","@id":"https:\/\/fiskarheden.se\/en\/#\/schema\/logo\/image\/","url":"https:\/\/fiskarheden.se\/wp-content\/uploads\/2022\/12\/logo-at-2x.png","contentUrl":"https:\/\/fiskarheden.se\/wp-content\/uploads\/2022\/12\/logo-at-2x.png","width":532,"height":88,"caption":"Fiskarheden"},"image":{"@id":"https:\/\/fiskarheden.se\/en\/#\/schema\/logo\/image\/"},"sameAs":["https:\/\/www.facebook.com\/FiskarhedensTravaruAb"]}]}},"_links":{"self":[{"href":"https:\/\/fiskarheden.se\/en\/wp-json\/wp\/v2\/pages\/6592","targetHints":{"allow":["GET"]}}],"collection":[{"href":"https:\/\/fiskarheden.se\/en\/wp-json\/wp\/v2\/pages"}],"about":[{"href":"https:\/\/fiskarheden.se\/en\/wp-json\/wp\/v2\/types\/page"}],"author":[{"embeddable":true,"href":"https:\/\/fiskarheden.se\/en\/wp-json\/wp\/v2\/users\/4"}],"replies":[{"embeddable":true,"href":"https:\/\/fiskarheden.se\/en\/wp-json\/wp\/v2\/comments?post=6592"}],"version-history":[{"count":1,"href":"https:\/\/fiskarheden.se\/en\/wp-json\/wp\/v2\/pages\/6592\/revisions"}],"predecessor-version":[{"id":6596,"href":"https:\/\/fiskarheden.se\/en\/wp-json\/wp\/v2\/pages\/6592\/revisions\/6596"}],"up":[{"embeddable":true,"href":"https:\/\/fiskarheden.se\/en\/wp-json\/wp\/v2\/pages\/6272"}],"wp:featuredmedia":[{"embeddable":true,"href":"https:\/\/fiskarheden.se\/en\/wp-json\/wp\/v2\/media\/6594"}],"wp:attachment":[{"href":"https:\/\/fiskarheden.se\/en\/wp-json\/wp\/v2\/media?parent=6592"}],"curies":[{"name":"wp","href":"https:\/\/api.w.org\/{rel}","templated":true}]}}