{"id":6563,"date":"2025-11-07T08:15:42","date_gmt":"2025-11-07T07:15:42","guid":{"rendered":"https:\/\/fiskarheden.se\/?page_id=6563"},"modified":"2025-11-07T09:20:48","modified_gmt":"2025-11-07T08:20:48","slug":"larsson-hus","status":"publish","type":"page","link":"https:\/\/fiskarheden.se\/en\/construction\/larsson-hus\/","title":{"rendered":"Larsson-Hus"},"content":{"rendered":"\n<h2 class=\"wp-block-heading\">Locally produced insulated log houses<\/h2>\n\n\n\n<p>Since 1954, Larsson-Hus in Lima has been building homes from the finest Dala forest \u2013 right in the heart of one of Scandinavia\u2019s most timber-rich regions. Here, genuine craftsmanship meets modern insulated log technology \u2013 a building method that combines the charm of a true log house with today\u2019s standards for comfort and energy efficiency.<\/p>\n\n\n\n<p>The insulated log houses are manufactured as dimensionally stable, pre-insulated large panels with windows and doors pre-installed at the factory. The result is a worry-free, stylish, and durable home that lasts for generations \u2013 without drafts, cracks, or unnecessarily thick walls.<\/p>\n\n\n\n<p>All production takes place at our own facility in Lima, where skilled craftsmen with a passion for wood, design, and quality create each house with great care. At Larsson-Hus, you have plenty of freedom of choice \u2013 you can select from several house models or design your own dream home with the help of our architects.<\/p>\n\n\n\n<p>From building permits to move-in day, we offer personal service, reliability, and genuine dedication to making your house exactly as unique as you want it to be.<br><\/p>\n\n\n<a href=\"http:\/\/www.larssonhus.se\" target=\"_blank\"\n    class=\"rounded inline-block transition-all hover:underline flex items-center font-semibold leading-none py-5 bg-theme-blue-standard text-white hover:bg-theme-blue-dark px-8 py-4 my-2 w-fit flex justify-center items-center font-medium\">\n    <svg xmlns=\"http:\/\/www.w3.org\/2000\/svg\" viewBox=\"0 0 12 12\" class=\"-rotate-90 h-3 fill-white inline-block mr-1\">\n    <polygon points=\"10.6 2.44998779 6 7.04998779 1.4 2.44998779 0 3.84998779 6 9.84998779 12 3.84998779\">\n    <\/polygon>\n<\/svg>\nLearn more at larssonhus.se<\/a>\n","protected":false},"excerpt":{"rendered":"<p>Locally produced insulated log houses Since 1954, Larsson-Hus in Lima has been building homes from the finest Dala forest \u2013 right in the heart of one of Scandinavia\u2019s most timber-rich regions. Here, genuine craftsmanship meets modern insulated log technology \u2013 a building method that combines the charm of a true log house with today\u2019s standards [&hellip;]<\/p>\n","protected":false},"author":4,"featured_media":6566,"parent":6272,"menu_order":0,"comment_status":"closed","ping_status":"closed","template":"information","meta":{"_acf_changed":false,"footnotes":""},"class_list":["post-6563","page","type-page","status-publish","has-post-thumbnail","hentry"],"acf":[],"yoast_head":"<!-- This site is optimized with the Yoast SEO plugin v27.4 - https:\/\/yoast.com\/product\/yoast-seo-wordpress\/ -->\n<title>Larsson-Hus - Fiskarheden<\/title>\n<meta name=\"description\" content=\"Larsson-Hus \u00e4r en tillverkare av exklusiva isolertimmerhus. Med anor fr\u00e5n 1954 kombinerar de traditionellt timmerhusbyggande med moderna krav p\u00e5 isolering och energieffektivitet.\" \/>\n<meta name=\"robots\" content=\"index, follow, max-snippet:-1, max-image-preview:large, max-video-preview:-1\" \/>\n<link rel=\"canonical\" href=\"https:\/\/fiskarheden.se\/en\/construction\/larsson-hus\/\" \/>\n<meta property=\"og:locale\" content=\"en_US\" \/>\n<meta property=\"og:type\" content=\"article\" \/>\n<meta property=\"og:title\" content=\"Larsson-Hus - Fiskarheden\" \/>\n<meta property=\"og:description\" content=\"Larsson-Hus \u00e4r en tillverkare av exklusiva isolertimmerhus. Med anor fr\u00e5n 1954 kombinerar de traditionellt timmerhusbyggande med moderna krav p\u00e5 isolering och energieffektivitet.\" \/>\n<meta property=\"og:url\" content=\"https:\/\/fiskarheden.se\/en\/construction\/larsson-hus\/\" \/>\n<meta property=\"og:site_name\" content=\"Fiskarheden\" \/>\n<meta property=\"article:publisher\" content=\"https:\/\/www.facebook.com\/FiskarhedensTravaruAb\" \/>\n<meta property=\"article:modified_time\" content=\"2025-11-07T08:20:48+00:00\" \/>\n<meta property=\"og:image\" content=\"https:\/\/fiskarheden.se\/wp-content\/uploads\/2025\/11\/larsson-hus.jpg\" \/>\n\t<meta property=\"og:image:width\" content=\"800\" \/>\n\t<meta property=\"og:image:height\" content=\"1002\" \/>\n\t<meta property=\"og:image:type\" content=\"image\/jpeg\" \/>\n<meta name=\"twitter:card\" content=\"summary_large_image\" \/>\n<meta name=\"twitter:label1\" content=\"Est. reading time\" \/>\n\t<meta name=\"twitter:data1\" content=\"2 minutes\" \/>\n<script type=\"application\/ld+json\" class=\"yoast-schema-graph\">{\"@context\":\"https:\\\/\\\/schema.org\",\"@graph\":[{\"@type\":\"WebPage\",\"@id\":\"https:\\\/\\\/fiskarheden.se\\\/en\\\/construction\\\/larsson-hus\\\/\",\"url\":\"https:\\\/\\\/fiskarheden.se\\\/en\\\/construction\\\/larsson-hus\\\/\",\"name\":\"Larsson-Hus - Fiskarheden\",\"isPartOf\":{\"@id\":\"https:\\\/\\\/fiskarheden.se\\\/en\\\/#website\"},\"primaryImageOfPage\":{\"@id\":\"https:\\\/\\\/fiskarheden.se\\\/en\\\/construction\\\/larsson-hus\\\/#primaryimage\"},\"image\":{\"@id\":\"https:\\\/\\\/fiskarheden.se\\\/en\\\/construction\\\/larsson-hus\\\/#primaryimage\"},\"thumbnailUrl\":\"https:\\\/\\\/fiskarheden.se\\\/wp-content\\\/uploads\\\/2025\\\/11\\\/larsson-hus.jpg\",\"datePublished\":\"2025-11-07T07:15:42+00:00\",\"dateModified\":\"2025-11-07T08:20:48+00:00\",\"description\":\"Larsson-Hus \u00e4r en tillverkare av exklusiva isolertimmerhus. Med anor fr\u00e5n 1954 kombinerar de traditionellt timmerhusbyggande med moderna krav p\u00e5 isolering och energieffektivitet.\",\"breadcrumb\":{\"@id\":\"https:\\\/\\\/fiskarheden.se\\\/en\\\/construction\\\/larsson-hus\\\/#breadcrumb\"},\"inLanguage\":\"en-US\",\"potentialAction\":[{\"@type\":\"ReadAction\",\"target\":[\"https:\\\/\\\/fiskarheden.se\\\/en\\\/construction\\\/larsson-hus\\\/\"]}]},{\"@type\":\"ImageObject\",\"inLanguage\":\"en-US\",\"@id\":\"https:\\\/\\\/fiskarheden.se\\\/en\\\/construction\\\/larsson-hus\\\/#primaryimage\",\"url\":\"https:\\\/\\\/fiskarheden.se\\\/wp-content\\\/uploads\\\/2025\\\/11\\\/larsson-hus.jpg\",\"contentUrl\":\"https:\\\/\\\/fiskarheden.se\\\/wp-content\\\/uploads\\\/2025\\\/11\\\/larsson-hus.jpg\",\"width\":800,\"height\":1002},{\"@type\":\"BreadcrumbList\",\"@id\":\"https:\\\/\\\/fiskarheden.se\\\/en\\\/construction\\\/larsson-hus\\\/#breadcrumb\",\"itemListElement\":[{\"@type\":\"ListItem\",\"position\":1,\"name\":\"Hem\",\"item\":\"https:\\\/\\\/fiskarheden.se\\\/en\\\/\"},{\"@type\":\"ListItem\",\"position\":2,\"name\":\"Construction\",\"item\":\"https:\\\/\\\/fiskarheden.se\\\/en\\\/construction\\\/\"},{\"@type\":\"ListItem\",\"position\":3,\"name\":\"Larsson-Hus\"}]},{\"@type\":\"WebSite\",\"@id\":\"https:\\\/\\\/fiskarheden.se\\\/en\\\/#website\",\"url\":\"https:\\\/\\\/fiskarheden.se\\\/en\\\/\",\"name\":\"Fiskarheden\",\"description\":\"Timber that makes a difference\",\"publisher\":{\"@id\":\"https:\\\/\\\/fiskarheden.se\\\/en\\\/#organization\"},\"potentialAction\":[{\"@type\":\"SearchAction\",\"target\":{\"@type\":\"EntryPoint\",\"urlTemplate\":\"https:\\\/\\\/fiskarheden.se\\\/en\\\/?s={search_term_string}\"},\"query-input\":{\"@type\":\"PropertyValueSpecification\",\"valueRequired\":true,\"valueName\":\"search_term_string\"}}],\"inLanguage\":\"en-US\"},{\"@type\":\"Organization\",\"@id\":\"https:\\\/\\\/fiskarheden.se\\\/en\\\/#organization\",\"name\":\"Fiskarheden\",\"url\":\"https:\\\/\\\/fiskarheden.se\\\/en\\\/\",\"logo\":{\"@type\":\"ImageObject\",\"inLanguage\":\"en-US\",\"@id\":\"https:\\\/\\\/fiskarheden.se\\\/en\\\/#\\\/schema\\\/logo\\\/image\\\/\",\"url\":\"https:\\\/\\\/fiskarheden.se\\\/wp-content\\\/uploads\\\/2022\\\/12\\\/logo-at-2x.png\",\"contentUrl\":\"https:\\\/\\\/fiskarheden.se\\\/wp-content\\\/uploads\\\/2022\\\/12\\\/logo-at-2x.png\",\"width\":532,\"height\":88,\"caption\":\"Fiskarheden\"},\"image\":{\"@id\":\"https:\\\/\\\/fiskarheden.se\\\/en\\\/#\\\/schema\\\/logo\\\/image\\\/\"},\"sameAs\":[\"https:\\\/\\\/www.facebook.com\\\/FiskarhedensTravaruAb\"]}]}<\/script>\n<!-- \/ Yoast SEO plugin. -->","yoast_head_json":{"title":"Larsson-Hus - Fiskarheden","description":"Larsson-Hus \u00e4r en tillverkare av exklusiva isolertimmerhus. Med anor fr\u00e5n 1954 kombinerar de traditionellt timmerhusbyggande med moderna krav p\u00e5 isolering och energieffektivitet.","robots":{"index":"index","follow":"follow","max-snippet":"max-snippet:-1","max-image-preview":"max-image-preview:large","max-video-preview":"max-video-preview:-1"},"canonical":"https:\/\/fiskarheden.se\/en\/construction\/larsson-hus\/","og_locale":"en_US","og_type":"article","og_title":"Larsson-Hus - Fiskarheden","og_description":"Larsson-Hus \u00e4r en tillverkare av exklusiva isolertimmerhus. Med anor fr\u00e5n 1954 kombinerar de traditionellt timmerhusbyggande med moderna krav p\u00e5 isolering och energieffektivitet.","og_url":"https:\/\/fiskarheden.se\/en\/construction\/larsson-hus\/","og_site_name":"Fiskarheden","article_publisher":"https:\/\/www.facebook.com\/FiskarhedensTravaruAb","article_modified_time":"2025-11-07T08:20:48+00:00","og_image":[{"width":800,"height":1002,"url":"https:\/\/fiskarheden.se\/wp-content\/uploads\/2025\/11\/larsson-hus.jpg","type":"image\/jpeg"}],"twitter_card":"summary_large_image","twitter_misc":{"Est. reading time":"2 minutes"},"schema":{"@context":"https:\/\/schema.org","@graph":[{"@type":"WebPage","@id":"https:\/\/fiskarheden.se\/en\/construction\/larsson-hus\/","url":"https:\/\/fiskarheden.se\/en\/construction\/larsson-hus\/","name":"Larsson-Hus - Fiskarheden","isPartOf":{"@id":"https:\/\/fiskarheden.se\/en\/#website"},"primaryImageOfPage":{"@id":"https:\/\/fiskarheden.se\/en\/construction\/larsson-hus\/#primaryimage"},"image":{"@id":"https:\/\/fiskarheden.se\/en\/construction\/larsson-hus\/#primaryimage"},"thumbnailUrl":"https:\/\/fiskarheden.se\/wp-content\/uploads\/2025\/11\/larsson-hus.jpg","datePublished":"2025-11-07T07:15:42+00:00","dateModified":"2025-11-07T08:20:48+00:00","description":"Larsson-Hus \u00e4r en tillverkare av exklusiva isolertimmerhus. Med anor fr\u00e5n 1954 kombinerar de traditionellt timmerhusbyggande med moderna krav p\u00e5 isolering och energieffektivitet.","breadcrumb":{"@id":"https:\/\/fiskarheden.se\/en\/construction\/larsson-hus\/#breadcrumb"},"inLanguage":"en-US","potentialAction":[{"@type":"ReadAction","target":["https:\/\/fiskarheden.se\/en\/construction\/larsson-hus\/"]}]},{"@type":"ImageObject","inLanguage":"en-US","@id":"https:\/\/fiskarheden.se\/en\/construction\/larsson-hus\/#primaryimage","url":"https:\/\/fiskarheden.se\/wp-content\/uploads\/2025\/11\/larsson-hus.jpg","contentUrl":"https:\/\/fiskarheden.se\/wp-content\/uploads\/2025\/11\/larsson-hus.jpg","width":800,"height":1002},{"@type":"BreadcrumbList","@id":"https:\/\/fiskarheden.se\/en\/construction\/larsson-hus\/#breadcrumb","itemListElement":[{"@type":"ListItem","position":1,"name":"Hem","item":"https:\/\/fiskarheden.se\/en\/"},{"@type":"ListItem","position":2,"name":"Construction","item":"https:\/\/fiskarheden.se\/en\/construction\/"},{"@type":"ListItem","position":3,"name":"Larsson-Hus"}]},{"@type":"WebSite","@id":"https:\/\/fiskarheden.se\/en\/#website","url":"https:\/\/fiskarheden.se\/en\/","name":"Fiskarheden","description":"Timber that makes a difference","publisher":{"@id":"https:\/\/fiskarheden.se\/en\/#organization"},"potentialAction":[{"@type":"SearchAction","target":{"@type":"EntryPoint","urlTemplate":"https:\/\/fiskarheden.se\/en\/?s={search_term_string}"},"query-input":{"@type":"PropertyValueSpecification","valueRequired":true,"valueName":"search_term_string"}}],"inLanguage":"en-US"},{"@type":"Organization","@id":"https:\/\/fiskarheden.se\/en\/#organization","name":"Fiskarheden","url":"https:\/\/fiskarheden.se\/en\/","logo":{"@type":"ImageObject","inLanguage":"en-US","@id":"https:\/\/fiskarheden.se\/en\/#\/schema\/logo\/image\/","url":"https:\/\/fiskarheden.se\/wp-content\/uploads\/2022\/12\/logo-at-2x.png","contentUrl":"https:\/\/fiskarheden.se\/wp-content\/uploads\/2022\/12\/logo-at-2x.png","width":532,"height":88,"caption":"Fiskarheden"},"image":{"@id":"https:\/\/fiskarheden.se\/en\/#\/schema\/logo\/image\/"},"sameAs":["https:\/\/www.facebook.com\/FiskarhedensTravaruAb"]}]}},"_links":{"self":[{"href":"https:\/\/fiskarheden.se\/en\/wp-json\/wp\/v2\/pages\/6563","targetHints":{"allow":["GET"]}}],"collection":[{"href":"https:\/\/fiskarheden.se\/en\/wp-json\/wp\/v2\/pages"}],"about":[{"href":"https:\/\/fiskarheden.se\/en\/wp-json\/wp\/v2\/types\/page"}],"author":[{"embeddable":true,"href":"https:\/\/fiskarheden.se\/en\/wp-json\/wp\/v2\/users\/4"}],"replies":[{"embeddable":true,"href":"https:\/\/fiskarheden.se\/en\/wp-json\/wp\/v2\/comments?post=6563"}],"version-history":[{"count":1,"href":"https:\/\/fiskarheden.se\/en\/wp-json\/wp\/v2\/pages\/6563\/revisions"}],"predecessor-version":[{"id":6569,"href":"https:\/\/fiskarheden.se\/en\/wp-json\/wp\/v2\/pages\/6563\/revisions\/6569"}],"up":[{"embeddable":true,"href":"https:\/\/fiskarheden.se\/en\/wp-json\/wp\/v2\/pages\/6272"}],"wp:featuredmedia":[{"embeddable":true,"href":"https:\/\/fiskarheden.se\/en\/wp-json\/wp\/v2\/media\/6566"}],"wp:attachment":[{"href":"https:\/\/fiskarheden.se\/en\/wp-json\/wp\/v2\/media?parent=6563"}],"curies":[{"name":"wp","href":"https:\/\/api.w.org\/{rel}","templated":true}]}}