{"id":6303,"date":"2025-07-03T11:27:40","date_gmt":"2025-07-03T09:27:40","guid":{"rendered":"https:\/\/fiskarheden.se\/?page_id=6303"},"modified":"2025-07-03T13:11:23","modified_gmt":"2025-07-03T11:11:23","slug":"erja-mur-kakel","status":"publish","type":"page","link":"https:\/\/fiskarheden.se\/en\/construction\/erja-mur-kakel\/","title":{"rendered":"ErJa Mur och Kakel"},"content":{"rendered":"\n<h2 class=\"wp-block-heading\"><strong>Premium tiling and masonry work<\/strong><\/h2>\n\n\n\n<p>ErJa Mur &amp; Kakel offers high-quality and reliable masonry and tiling services, carried out by experienced professionals at fair prices.<\/p>\n\n\n\n<p><strong>Masonry<\/strong><br>Our professionally trained and highly skilled masons can assist you with traditional masonry work as well as other types of bricklaying and stonework.<\/p>\n\n\n\n<p><strong>Tiles &amp; Ceramics<\/strong><br>We can take full responsibility for your bathroom renovation, guiding you through the entire process \u2013 from planning and material selection to project completion. We only collaborate with certified professionals in the fields of electrical work, plumbing, and painting, and we are certified by the Swedish Ceramic Tile Council (Byggkeramikr\u00e5det). Our waterproof-certified tilers have extensive industry experience and are ready to help make your dream bathroom a reality.<\/p>\n\n\n\n<p><strong>Fireplaces<\/strong><br>For over 30 years, we have provided our customers with high-quality fireplaces in various styles. Our selection includes a wide range of stoves and kitchen wood-burning cookers from brands like Contura, Keddy, Spismilj\u00f6, J. Davidsson, Rais, J\u00f8tul, Nordpeis, and Premodul chimneys. To learn more about our products, we warmly welcome you to visit our store in \u00c4lvdalen, where you can also view some of our fireplace models on display.<br><\/p>\n\n\n<a href=\"http:\/\/www.erja.se\" target=\"_blank\"\n    class=\"rounded inline-block transition-all hover:underline flex items-center font-semibold leading-none py-5 bg-theme-blue-standard text-white hover:bg-theme-blue-dark px-8 py-4 my-2 w-fit flex justify-center items-center font-medium\">\n    <svg xmlns=\"http:\/\/www.w3.org\/2000\/svg\" viewBox=\"0 0 12 12\" class=\"-rotate-90 h-3 fill-white inline-block mr-1\">\n    <polygon points=\"10.6 2.44998779 6 7.04998779 1.4 2.44998779 0 3.84998779 6 9.84998779 12 3.84998779\">\n    <\/polygon>\n<\/svg>\nLearn more at erja.se<\/a>\n","protected":false},"excerpt":{"rendered":"<p>Premium tiling and masonry work ErJa Mur &amp; Kakel offers high-quality and reliable masonry and tiling services, carried out by experienced professionals at fair prices. MasonryOur professionally trained and highly skilled masons can assist you with traditional masonry work as well as other types of bricklaying and stonework. Tiles &amp; CeramicsWe can take full responsibility [&hellip;]<\/p>\n","protected":false},"author":4,"featured_media":6305,"parent":6272,"menu_order":0,"comment_status":"closed","ping_status":"closed","template":"information","meta":{"_acf_changed":false,"footnotes":""},"class_list":["post-6303","page","type-page","status-publish","has-post-thumbnail","hentry"],"acf":[],"yoast_head":"<!-- This site is optimized with the Yoast SEO plugin v27.4 - https:\/\/yoast.com\/product\/yoast-seo-wordpress\/ -->\n<title>ErJa Mur &amp; Kakel - Fiskarheden<\/title>\n<meta name=\"description\" content=\"ErJa Mur &amp; Kakel erbjuder h\u00f6gkvalitativa och trygga tj\u00e4nster inom murning och platts\u00e4ttning utf\u00f6rda av erfaren personal till r\u00e4ttvisa priser.\" \/>\n<meta name=\"robots\" content=\"index, follow, max-snippet:-1, max-image-preview:large, max-video-preview:-1\" \/>\n<link rel=\"canonical\" href=\"https:\/\/fiskarheden.se\/en\/construction\/erja-mur-kakel\/\" \/>\n<meta property=\"og:locale\" content=\"en_US\" \/>\n<meta property=\"og:type\" content=\"article\" \/>\n<meta property=\"og:title\" content=\"ErJa Mur &amp; Kakel - Fiskarheden\" \/>\n<meta property=\"og:description\" content=\"ErJa Mur &amp; Kakel erbjuder h\u00f6gkvalitativa och trygga tj\u00e4nster inom murning och platts\u00e4ttning utf\u00f6rda av erfaren personal till r\u00e4ttvisa priser.\" \/>\n<meta property=\"og:url\" content=\"https:\/\/fiskarheden.se\/en\/construction\/erja-mur-kakel\/\" \/>\n<meta property=\"og:site_name\" content=\"Fiskarheden\" \/>\n<meta property=\"article:publisher\" content=\"https:\/\/www.facebook.com\/FiskarhedensTravaruAb\" \/>\n<meta property=\"article:modified_time\" content=\"2025-07-03T11:11:23+00:00\" \/>\n<meta property=\"og:image\" content=\"https:\/\/fiskarheden.se\/wp-content\/uploads\/2025\/07\/erja-1x1-1.jpg\" \/>\n\t<meta property=\"og:image:width\" content=\"365\" \/>\n\t<meta property=\"og:image:height\" content=\"359\" \/>\n\t<meta property=\"og:image:type\" content=\"image\/jpeg\" \/>\n<meta name=\"twitter:card\" content=\"summary_large_image\" \/>\n<meta name=\"twitter:label1\" content=\"Est. reading time\" \/>\n\t<meta name=\"twitter:data1\" content=\"2 minutes\" \/>\n<script type=\"application\/ld+json\" class=\"yoast-schema-graph\">{\"@context\":\"https:\\\/\\\/schema.org\",\"@graph\":[{\"@type\":\"WebPage\",\"@id\":\"https:\\\/\\\/fiskarheden.se\\\/en\\\/construction\\\/erja-mur-kakel\\\/\",\"url\":\"https:\\\/\\\/fiskarheden.se\\\/en\\\/construction\\\/erja-mur-kakel\\\/\",\"name\":\"ErJa Mur & Kakel - Fiskarheden\",\"isPartOf\":{\"@id\":\"https:\\\/\\\/fiskarheden.se\\\/en\\\/#website\"},\"primaryImageOfPage\":{\"@id\":\"https:\\\/\\\/fiskarheden.se\\\/en\\\/construction\\\/erja-mur-kakel\\\/#primaryimage\"},\"image\":{\"@id\":\"https:\\\/\\\/fiskarheden.se\\\/en\\\/construction\\\/erja-mur-kakel\\\/#primaryimage\"},\"thumbnailUrl\":\"https:\\\/\\\/fiskarheden.se\\\/wp-content\\\/uploads\\\/2025\\\/07\\\/erja-1x1-1.jpg\",\"datePublished\":\"2025-07-03T09:27:40+00:00\",\"dateModified\":\"2025-07-03T11:11:23+00:00\",\"description\":\"ErJa Mur & Kakel erbjuder h\u00f6gkvalitativa och trygga tj\u00e4nster inom murning och platts\u00e4ttning utf\u00f6rda av erfaren personal till r\u00e4ttvisa priser.\",\"breadcrumb\":{\"@id\":\"https:\\\/\\\/fiskarheden.se\\\/en\\\/construction\\\/erja-mur-kakel\\\/#breadcrumb\"},\"inLanguage\":\"en-US\",\"potentialAction\":[{\"@type\":\"ReadAction\",\"target\":[\"https:\\\/\\\/fiskarheden.se\\\/en\\\/construction\\\/erja-mur-kakel\\\/\"]}]},{\"@type\":\"ImageObject\",\"inLanguage\":\"en-US\",\"@id\":\"https:\\\/\\\/fiskarheden.se\\\/en\\\/construction\\\/erja-mur-kakel\\\/#primaryimage\",\"url\":\"https:\\\/\\\/fiskarheden.se\\\/wp-content\\\/uploads\\\/2025\\\/07\\\/erja-1x1-1.jpg\",\"contentUrl\":\"https:\\\/\\\/fiskarheden.se\\\/wp-content\\\/uploads\\\/2025\\\/07\\\/erja-1x1-1.jpg\",\"width\":365,\"height\":359},{\"@type\":\"BreadcrumbList\",\"@id\":\"https:\\\/\\\/fiskarheden.se\\\/en\\\/construction\\\/erja-mur-kakel\\\/#breadcrumb\",\"itemListElement\":[{\"@type\":\"ListItem\",\"position\":1,\"name\":\"Hem\",\"item\":\"https:\\\/\\\/fiskarheden.se\\\/en\\\/\"},{\"@type\":\"ListItem\",\"position\":2,\"name\":\"Construction\",\"item\":\"https:\\\/\\\/fiskarheden.se\\\/en\\\/construction\\\/\"},{\"@type\":\"ListItem\",\"position\":3,\"name\":\"ErJa Mur och Kakel\"}]},{\"@type\":\"WebSite\",\"@id\":\"https:\\\/\\\/fiskarheden.se\\\/en\\\/#website\",\"url\":\"https:\\\/\\\/fiskarheden.se\\\/en\\\/\",\"name\":\"Fiskarheden\",\"description\":\"Timber that makes a difference\",\"publisher\":{\"@id\":\"https:\\\/\\\/fiskarheden.se\\\/en\\\/#organization\"},\"potentialAction\":[{\"@type\":\"SearchAction\",\"target\":{\"@type\":\"EntryPoint\",\"urlTemplate\":\"https:\\\/\\\/fiskarheden.se\\\/en\\\/?s={search_term_string}\"},\"query-input\":{\"@type\":\"PropertyValueSpecification\",\"valueRequired\":true,\"valueName\":\"search_term_string\"}}],\"inLanguage\":\"en-US\"},{\"@type\":\"Organization\",\"@id\":\"https:\\\/\\\/fiskarheden.se\\\/en\\\/#organization\",\"name\":\"Fiskarheden\",\"url\":\"https:\\\/\\\/fiskarheden.se\\\/en\\\/\",\"logo\":{\"@type\":\"ImageObject\",\"inLanguage\":\"en-US\",\"@id\":\"https:\\\/\\\/fiskarheden.se\\\/en\\\/#\\\/schema\\\/logo\\\/image\\\/\",\"url\":\"https:\\\/\\\/fiskarheden.se\\\/wp-content\\\/uploads\\\/2022\\\/12\\\/logo-at-2x.png\",\"contentUrl\":\"https:\\\/\\\/fiskarheden.se\\\/wp-content\\\/uploads\\\/2022\\\/12\\\/logo-at-2x.png\",\"width\":532,\"height\":88,\"caption\":\"Fiskarheden\"},\"image\":{\"@id\":\"https:\\\/\\\/fiskarheden.se\\\/en\\\/#\\\/schema\\\/logo\\\/image\\\/\"},\"sameAs\":[\"https:\\\/\\\/www.facebook.com\\\/FiskarhedensTravaruAb\"]}]}<\/script>\n<!-- \/ Yoast SEO plugin. -->","yoast_head_json":{"title":"ErJa Mur & Kakel - Fiskarheden","description":"ErJa Mur & Kakel erbjuder h\u00f6gkvalitativa och trygga tj\u00e4nster inom murning och platts\u00e4ttning utf\u00f6rda av erfaren personal till r\u00e4ttvisa priser.","robots":{"index":"index","follow":"follow","max-snippet":"max-snippet:-1","max-image-preview":"max-image-preview:large","max-video-preview":"max-video-preview:-1"},"canonical":"https:\/\/fiskarheden.se\/en\/construction\/erja-mur-kakel\/","og_locale":"en_US","og_type":"article","og_title":"ErJa Mur & Kakel - Fiskarheden","og_description":"ErJa Mur & Kakel erbjuder h\u00f6gkvalitativa och trygga tj\u00e4nster inom murning och platts\u00e4ttning utf\u00f6rda av erfaren personal till r\u00e4ttvisa priser.","og_url":"https:\/\/fiskarheden.se\/en\/construction\/erja-mur-kakel\/","og_site_name":"Fiskarheden","article_publisher":"https:\/\/www.facebook.com\/FiskarhedensTravaruAb","article_modified_time":"2025-07-03T11:11:23+00:00","og_image":[{"width":365,"height":359,"url":"https:\/\/fiskarheden.se\/wp-content\/uploads\/2025\/07\/erja-1x1-1.jpg","type":"image\/jpeg"}],"twitter_card":"summary_large_image","twitter_misc":{"Est. reading time":"2 minutes"},"schema":{"@context":"https:\/\/schema.org","@graph":[{"@type":"WebPage","@id":"https:\/\/fiskarheden.se\/en\/construction\/erja-mur-kakel\/","url":"https:\/\/fiskarheden.se\/en\/construction\/erja-mur-kakel\/","name":"ErJa Mur & Kakel - Fiskarheden","isPartOf":{"@id":"https:\/\/fiskarheden.se\/en\/#website"},"primaryImageOfPage":{"@id":"https:\/\/fiskarheden.se\/en\/construction\/erja-mur-kakel\/#primaryimage"},"image":{"@id":"https:\/\/fiskarheden.se\/en\/construction\/erja-mur-kakel\/#primaryimage"},"thumbnailUrl":"https:\/\/fiskarheden.se\/wp-content\/uploads\/2025\/07\/erja-1x1-1.jpg","datePublished":"2025-07-03T09:27:40+00:00","dateModified":"2025-07-03T11:11:23+00:00","description":"ErJa Mur & Kakel erbjuder h\u00f6gkvalitativa och trygga tj\u00e4nster inom murning och platts\u00e4ttning utf\u00f6rda av erfaren personal till r\u00e4ttvisa priser.","breadcrumb":{"@id":"https:\/\/fiskarheden.se\/en\/construction\/erja-mur-kakel\/#breadcrumb"},"inLanguage":"en-US","potentialAction":[{"@type":"ReadAction","target":["https:\/\/fiskarheden.se\/en\/construction\/erja-mur-kakel\/"]}]},{"@type":"ImageObject","inLanguage":"en-US","@id":"https:\/\/fiskarheden.se\/en\/construction\/erja-mur-kakel\/#primaryimage","url":"https:\/\/fiskarheden.se\/wp-content\/uploads\/2025\/07\/erja-1x1-1.jpg","contentUrl":"https:\/\/fiskarheden.se\/wp-content\/uploads\/2025\/07\/erja-1x1-1.jpg","width":365,"height":359},{"@type":"BreadcrumbList","@id":"https:\/\/fiskarheden.se\/en\/construction\/erja-mur-kakel\/#breadcrumb","itemListElement":[{"@type":"ListItem","position":1,"name":"Hem","item":"https:\/\/fiskarheden.se\/en\/"},{"@type":"ListItem","position":2,"name":"Construction","item":"https:\/\/fiskarheden.se\/en\/construction\/"},{"@type":"ListItem","position":3,"name":"ErJa Mur och Kakel"}]},{"@type":"WebSite","@id":"https:\/\/fiskarheden.se\/en\/#website","url":"https:\/\/fiskarheden.se\/en\/","name":"Fiskarheden","description":"Timber that makes a difference","publisher":{"@id":"https:\/\/fiskarheden.se\/en\/#organization"},"potentialAction":[{"@type":"SearchAction","target":{"@type":"EntryPoint","urlTemplate":"https:\/\/fiskarheden.se\/en\/?s={search_term_string}"},"query-input":{"@type":"PropertyValueSpecification","valueRequired":true,"valueName":"search_term_string"}}],"inLanguage":"en-US"},{"@type":"Organization","@id":"https:\/\/fiskarheden.se\/en\/#organization","name":"Fiskarheden","url":"https:\/\/fiskarheden.se\/en\/","logo":{"@type":"ImageObject","inLanguage":"en-US","@id":"https:\/\/fiskarheden.se\/en\/#\/schema\/logo\/image\/","url":"https:\/\/fiskarheden.se\/wp-content\/uploads\/2022\/12\/logo-at-2x.png","contentUrl":"https:\/\/fiskarheden.se\/wp-content\/uploads\/2022\/12\/logo-at-2x.png","width":532,"height":88,"caption":"Fiskarheden"},"image":{"@id":"https:\/\/fiskarheden.se\/en\/#\/schema\/logo\/image\/"},"sameAs":["https:\/\/www.facebook.com\/FiskarhedensTravaruAb"]}]}},"_links":{"self":[{"href":"https:\/\/fiskarheden.se\/en\/wp-json\/wp\/v2\/pages\/6303","targetHints":{"allow":["GET"]}}],"collection":[{"href":"https:\/\/fiskarheden.se\/en\/wp-json\/wp\/v2\/pages"}],"about":[{"href":"https:\/\/fiskarheden.se\/en\/wp-json\/wp\/v2\/types\/page"}],"author":[{"embeddable":true,"href":"https:\/\/fiskarheden.se\/en\/wp-json\/wp\/v2\/users\/4"}],"replies":[{"embeddable":true,"href":"https:\/\/fiskarheden.se\/en\/wp-json\/wp\/v2\/comments?post=6303"}],"version-history":[{"count":3,"href":"https:\/\/fiskarheden.se\/en\/wp-json\/wp\/v2\/pages\/6303\/revisions"}],"predecessor-version":[{"id":6329,"href":"https:\/\/fiskarheden.se\/en\/wp-json\/wp\/v2\/pages\/6303\/revisions\/6329"}],"up":[{"embeddable":true,"href":"https:\/\/fiskarheden.se\/en\/wp-json\/wp\/v2\/pages\/6272"}],"wp:featuredmedia":[{"embeddable":true,"href":"https:\/\/fiskarheden.se\/en\/wp-json\/wp\/v2\/media\/6305"}],"wp:attachment":[{"href":"https:\/\/fiskarheden.se\/en\/wp-json\/wp\/v2\/media?parent=6303"}],"curies":[{"name":"wp","href":"https:\/\/api.w.org\/{rel}","templated":true}]}}