{"id":6297,"date":"2025-07-03T11:22:56","date_gmt":"2025-07-03T09:22:56","guid":{"rendered":"https:\/\/fiskarheden.se\/?page_id=6297"},"modified":"2025-07-03T13:14:20","modified_gmt":"2025-07-03T11:14:20","slug":"norrdala-bygg","status":"publish","type":"page","link":"https:\/\/fiskarheden.se\/en\/construction\/norrdala-bygg\/","title":{"rendered":"Norrdala Bygg"},"content":{"rendered":"\n<h2 class=\"wp-block-heading\">Your partner throughout the entire building process<\/h2>\n\n\n\n<p>Norrdala Bygg specializes in custom-designed homes, tailored to the customer&#8217;s ideas and manufactured in their own house factory in \u00c4lvdalen. They offer services throughout the entire building process \u2013 from new construction to renovations \u2013 and mainly operate in northern Dalarna and H\u00e4rjedalen.<\/p>\n\n\n\n<p><strong>In-house house manufacturing<\/strong><br>With over 30 years of experience, our house factory designs, manufactures, delivers, and assembles homes and prefabricated building components based on your specific needs.<\/p>\n\n\n\n<p><strong>Project planning<\/strong><br>From idea to reality \u2013 we help you find the right solutions for your building project, large or small.<\/p>\n\n\n\n<p><strong>Construction services<\/strong><br>Our solution-oriented service carpenters are here to support you. We handle extensions, renovations, and assist with general property maintenance.<\/p>\n\n\n\n<p><strong>Turnkey contracts<\/strong><br>We deliver full-service turnkey projects for residential buildings, public facilities, retail spaces, and industrial buildings.<\/p>\n\n\n\n<p><strong>Site management and planning<\/strong><br>We offer certified site managers, experienced structural engineers, and planners for all types of construction projects.<\/p>\n\n\n\n<p>Norrdala Bygg\u2019s head office and house factory are located in \u00c4lvdalen, with a branch in Idre.<br><\/p>\n\n\n<a href=\"http:\/\/www.norrdalabygg.se\" target=\"_blank\"\n    class=\"rounded inline-block transition-all hover:underline flex items-center font-semibold leading-none py-5 bg-theme-blue-standard text-white hover:bg-theme-blue-dark px-8 py-4 my-2 w-fit flex justify-center items-center font-medium\">\n    <svg xmlns=\"http:\/\/www.w3.org\/2000\/svg\" viewBox=\"0 0 12 12\" class=\"-rotate-90 h-3 fill-white inline-block mr-1\">\n    <polygon points=\"10.6 2.44998779 6 7.04998779 1.4 2.44998779 0 3.84998779 6 9.84998779 12 3.84998779\">\n    <\/polygon>\n<\/svg>\nLearn more at norrdalabygg.se<\/a>\n","protected":false},"excerpt":{"rendered":"<p>Your partner throughout the entire building process Norrdala Bygg specializes in custom-designed homes, tailored to the customer&#8217;s ideas and manufactured in their own house factory in \u00c4lvdalen. They offer services throughout the entire building process \u2013 from new construction to renovations \u2013 and mainly operate in northern Dalarna and H\u00e4rjedalen. In-house house manufacturingWith over 30 [&hellip;]<\/p>\n","protected":false},"author":4,"featured_media":6299,"parent":6272,"menu_order":0,"comment_status":"closed","ping_status":"closed","template":"information","meta":{"_acf_changed":false,"footnotes":""},"class_list":["post-6297","page","type-page","status-publish","has-post-thumbnail","hentry"],"acf":[],"yoast_head":"<!-- This site is optimized with the Yoast SEO plugin v27.4 - https:\/\/yoast.com\/product\/yoast-seo-wordpress\/ -->\n<title>Norrdala Bygg - Fiskarheden<\/title>\n<meta name=\"description\" content=\"Norrdala Bygg erbjuder tj\u00e4nster inom hela byggprocessen, fr\u00e5n nybyggnation till renoveringar, och \u00e4r verksamma fr\u00e4mst i norra Dalarna och H\u00e4rjedalen.\" \/>\n<meta name=\"robots\" content=\"index, follow, max-snippet:-1, max-image-preview:large, max-video-preview:-1\" \/>\n<link rel=\"canonical\" href=\"https:\/\/fiskarheden.se\/en\/construction\/norrdala-bygg\/\" \/>\n<meta property=\"og:locale\" content=\"en_US\" \/>\n<meta property=\"og:type\" content=\"article\" \/>\n<meta property=\"og:title\" content=\"Norrdala Bygg - Fiskarheden\" \/>\n<meta property=\"og:description\" content=\"Norrdala Bygg erbjuder tj\u00e4nster inom hela byggprocessen, fr\u00e5n nybyggnation till renoveringar, och \u00e4r verksamma fr\u00e4mst i norra Dalarna och H\u00e4rjedalen.\" \/>\n<meta property=\"og:url\" content=\"https:\/\/fiskarheden.se\/en\/construction\/norrdala-bygg\/\" \/>\n<meta property=\"og:site_name\" content=\"Fiskarheden\" \/>\n<meta property=\"article:publisher\" content=\"https:\/\/www.facebook.com\/FiskarhedensTravaruAb\" \/>\n<meta property=\"article:modified_time\" content=\"2025-07-03T11:14:20+00:00\" \/>\n<meta property=\"og:image\" content=\"https:\/\/fiskarheden.se\/wp-content\/uploads\/2025\/07\/norrdala-1x1-1.jpg\" \/>\n\t<meta property=\"og:image:width\" content=\"1727\" \/>\n\t<meta property=\"og:image:height\" content=\"1724\" \/>\n\t<meta property=\"og:image:type\" content=\"image\/jpeg\" \/>\n<meta name=\"twitter:card\" content=\"summary_large_image\" \/>\n<meta name=\"twitter:label1\" content=\"Est. reading time\" \/>\n\t<meta name=\"twitter:data1\" content=\"2 minutes\" \/>\n<script type=\"application\/ld+json\" class=\"yoast-schema-graph\">{\"@context\":\"https:\\\/\\\/schema.org\",\"@graph\":[{\"@type\":\"WebPage\",\"@id\":\"https:\\\/\\\/fiskarheden.se\\\/en\\\/construction\\\/norrdala-bygg\\\/\",\"url\":\"https:\\\/\\\/fiskarheden.se\\\/en\\\/construction\\\/norrdala-bygg\\\/\",\"name\":\"Norrdala Bygg - Fiskarheden\",\"isPartOf\":{\"@id\":\"https:\\\/\\\/fiskarheden.se\\\/en\\\/#website\"},\"primaryImageOfPage\":{\"@id\":\"https:\\\/\\\/fiskarheden.se\\\/en\\\/construction\\\/norrdala-bygg\\\/#primaryimage\"},\"image\":{\"@id\":\"https:\\\/\\\/fiskarheden.se\\\/en\\\/construction\\\/norrdala-bygg\\\/#primaryimage\"},\"thumbnailUrl\":\"https:\\\/\\\/fiskarheden.se\\\/wp-content\\\/uploads\\\/2025\\\/07\\\/norrdala-1x1-1.jpg\",\"datePublished\":\"2025-07-03T09:22:56+00:00\",\"dateModified\":\"2025-07-03T11:14:20+00:00\",\"description\":\"Norrdala Bygg erbjuder tj\u00e4nster inom hela byggprocessen, fr\u00e5n nybyggnation till renoveringar, och \u00e4r verksamma fr\u00e4mst i norra Dalarna och H\u00e4rjedalen.\",\"breadcrumb\":{\"@id\":\"https:\\\/\\\/fiskarheden.se\\\/en\\\/construction\\\/norrdala-bygg\\\/#breadcrumb\"},\"inLanguage\":\"en-US\",\"potentialAction\":[{\"@type\":\"ReadAction\",\"target\":[\"https:\\\/\\\/fiskarheden.se\\\/en\\\/construction\\\/norrdala-bygg\\\/\"]}]},{\"@type\":\"ImageObject\",\"inLanguage\":\"en-US\",\"@id\":\"https:\\\/\\\/fiskarheden.se\\\/en\\\/construction\\\/norrdala-bygg\\\/#primaryimage\",\"url\":\"https:\\\/\\\/fiskarheden.se\\\/wp-content\\\/uploads\\\/2025\\\/07\\\/norrdala-1x1-1.jpg\",\"contentUrl\":\"https:\\\/\\\/fiskarheden.se\\\/wp-content\\\/uploads\\\/2025\\\/07\\\/norrdala-1x1-1.jpg\",\"width\":1727,\"height\":1724},{\"@type\":\"BreadcrumbList\",\"@id\":\"https:\\\/\\\/fiskarheden.se\\\/en\\\/construction\\\/norrdala-bygg\\\/#breadcrumb\",\"itemListElement\":[{\"@type\":\"ListItem\",\"position\":1,\"name\":\"Hem\",\"item\":\"https:\\\/\\\/fiskarheden.se\\\/en\\\/\"},{\"@type\":\"ListItem\",\"position\":2,\"name\":\"Construction\",\"item\":\"https:\\\/\\\/fiskarheden.se\\\/en\\\/construction\\\/\"},{\"@type\":\"ListItem\",\"position\":3,\"name\":\"Norrdala Bygg\"}]},{\"@type\":\"WebSite\",\"@id\":\"https:\\\/\\\/fiskarheden.se\\\/en\\\/#website\",\"url\":\"https:\\\/\\\/fiskarheden.se\\\/en\\\/\",\"name\":\"Fiskarheden\",\"description\":\"Timber that makes a difference\",\"publisher\":{\"@id\":\"https:\\\/\\\/fiskarheden.se\\\/en\\\/#organization\"},\"potentialAction\":[{\"@type\":\"SearchAction\",\"target\":{\"@type\":\"EntryPoint\",\"urlTemplate\":\"https:\\\/\\\/fiskarheden.se\\\/en\\\/?s={search_term_string}\"},\"query-input\":{\"@type\":\"PropertyValueSpecification\",\"valueRequired\":true,\"valueName\":\"search_term_string\"}}],\"inLanguage\":\"en-US\"},{\"@type\":\"Organization\",\"@id\":\"https:\\\/\\\/fiskarheden.se\\\/en\\\/#organization\",\"name\":\"Fiskarheden\",\"url\":\"https:\\\/\\\/fiskarheden.se\\\/en\\\/\",\"logo\":{\"@type\":\"ImageObject\",\"inLanguage\":\"en-US\",\"@id\":\"https:\\\/\\\/fiskarheden.se\\\/en\\\/#\\\/schema\\\/logo\\\/image\\\/\",\"url\":\"https:\\\/\\\/fiskarheden.se\\\/wp-content\\\/uploads\\\/2022\\\/12\\\/logo-at-2x.png\",\"contentUrl\":\"https:\\\/\\\/fiskarheden.se\\\/wp-content\\\/uploads\\\/2022\\\/12\\\/logo-at-2x.png\",\"width\":532,\"height\":88,\"caption\":\"Fiskarheden\"},\"image\":{\"@id\":\"https:\\\/\\\/fiskarheden.se\\\/en\\\/#\\\/schema\\\/logo\\\/image\\\/\"},\"sameAs\":[\"https:\\\/\\\/www.facebook.com\\\/FiskarhedensTravaruAb\"]}]}<\/script>\n<!-- \/ Yoast SEO plugin. -->","yoast_head_json":{"title":"Norrdala Bygg - Fiskarheden","description":"Norrdala Bygg erbjuder tj\u00e4nster inom hela byggprocessen, fr\u00e5n nybyggnation till renoveringar, och \u00e4r verksamma fr\u00e4mst i norra Dalarna och H\u00e4rjedalen.","robots":{"index":"index","follow":"follow","max-snippet":"max-snippet:-1","max-image-preview":"max-image-preview:large","max-video-preview":"max-video-preview:-1"},"canonical":"https:\/\/fiskarheden.se\/en\/construction\/norrdala-bygg\/","og_locale":"en_US","og_type":"article","og_title":"Norrdala Bygg - Fiskarheden","og_description":"Norrdala Bygg erbjuder tj\u00e4nster inom hela byggprocessen, fr\u00e5n nybyggnation till renoveringar, och \u00e4r verksamma fr\u00e4mst i norra Dalarna och H\u00e4rjedalen.","og_url":"https:\/\/fiskarheden.se\/en\/construction\/norrdala-bygg\/","og_site_name":"Fiskarheden","article_publisher":"https:\/\/www.facebook.com\/FiskarhedensTravaruAb","article_modified_time":"2025-07-03T11:14:20+00:00","og_image":[{"width":1727,"height":1724,"url":"https:\/\/fiskarheden.se\/wp-content\/uploads\/2025\/07\/norrdala-1x1-1.jpg","type":"image\/jpeg"}],"twitter_card":"summary_large_image","twitter_misc":{"Est. reading time":"2 minutes"},"schema":{"@context":"https:\/\/schema.org","@graph":[{"@type":"WebPage","@id":"https:\/\/fiskarheden.se\/en\/construction\/norrdala-bygg\/","url":"https:\/\/fiskarheden.se\/en\/construction\/norrdala-bygg\/","name":"Norrdala Bygg - Fiskarheden","isPartOf":{"@id":"https:\/\/fiskarheden.se\/en\/#website"},"primaryImageOfPage":{"@id":"https:\/\/fiskarheden.se\/en\/construction\/norrdala-bygg\/#primaryimage"},"image":{"@id":"https:\/\/fiskarheden.se\/en\/construction\/norrdala-bygg\/#primaryimage"},"thumbnailUrl":"https:\/\/fiskarheden.se\/wp-content\/uploads\/2025\/07\/norrdala-1x1-1.jpg","datePublished":"2025-07-03T09:22:56+00:00","dateModified":"2025-07-03T11:14:20+00:00","description":"Norrdala Bygg erbjuder tj\u00e4nster inom hela byggprocessen, fr\u00e5n nybyggnation till renoveringar, och \u00e4r verksamma fr\u00e4mst i norra Dalarna och H\u00e4rjedalen.","breadcrumb":{"@id":"https:\/\/fiskarheden.se\/en\/construction\/norrdala-bygg\/#breadcrumb"},"inLanguage":"en-US","potentialAction":[{"@type":"ReadAction","target":["https:\/\/fiskarheden.se\/en\/construction\/norrdala-bygg\/"]}]},{"@type":"ImageObject","inLanguage":"en-US","@id":"https:\/\/fiskarheden.se\/en\/construction\/norrdala-bygg\/#primaryimage","url":"https:\/\/fiskarheden.se\/wp-content\/uploads\/2025\/07\/norrdala-1x1-1.jpg","contentUrl":"https:\/\/fiskarheden.se\/wp-content\/uploads\/2025\/07\/norrdala-1x1-1.jpg","width":1727,"height":1724},{"@type":"BreadcrumbList","@id":"https:\/\/fiskarheden.se\/en\/construction\/norrdala-bygg\/#breadcrumb","itemListElement":[{"@type":"ListItem","position":1,"name":"Hem","item":"https:\/\/fiskarheden.se\/en\/"},{"@type":"ListItem","position":2,"name":"Construction","item":"https:\/\/fiskarheden.se\/en\/construction\/"},{"@type":"ListItem","position":3,"name":"Norrdala Bygg"}]},{"@type":"WebSite","@id":"https:\/\/fiskarheden.se\/en\/#website","url":"https:\/\/fiskarheden.se\/en\/","name":"Fiskarheden","description":"Timber that makes a difference","publisher":{"@id":"https:\/\/fiskarheden.se\/en\/#organization"},"potentialAction":[{"@type":"SearchAction","target":{"@type":"EntryPoint","urlTemplate":"https:\/\/fiskarheden.se\/en\/?s={search_term_string}"},"query-input":{"@type":"PropertyValueSpecification","valueRequired":true,"valueName":"search_term_string"}}],"inLanguage":"en-US"},{"@type":"Organization","@id":"https:\/\/fiskarheden.se\/en\/#organization","name":"Fiskarheden","url":"https:\/\/fiskarheden.se\/en\/","logo":{"@type":"ImageObject","inLanguage":"en-US","@id":"https:\/\/fiskarheden.se\/en\/#\/schema\/logo\/image\/","url":"https:\/\/fiskarheden.se\/wp-content\/uploads\/2022\/12\/logo-at-2x.png","contentUrl":"https:\/\/fiskarheden.se\/wp-content\/uploads\/2022\/12\/logo-at-2x.png","width":532,"height":88,"caption":"Fiskarheden"},"image":{"@id":"https:\/\/fiskarheden.se\/en\/#\/schema\/logo\/image\/"},"sameAs":["https:\/\/www.facebook.com\/FiskarhedensTravaruAb"]}]}},"_links":{"self":[{"href":"https:\/\/fiskarheden.se\/en\/wp-json\/wp\/v2\/pages\/6297","targetHints":{"allow":["GET"]}}],"collection":[{"href":"https:\/\/fiskarheden.se\/en\/wp-json\/wp\/v2\/pages"}],"about":[{"href":"https:\/\/fiskarheden.se\/en\/wp-json\/wp\/v2\/types\/page"}],"author":[{"embeddable":true,"href":"https:\/\/fiskarheden.se\/en\/wp-json\/wp\/v2\/users\/4"}],"replies":[{"embeddable":true,"href":"https:\/\/fiskarheden.se\/en\/wp-json\/wp\/v2\/comments?post=6297"}],"version-history":[{"count":2,"href":"https:\/\/fiskarheden.se\/en\/wp-json\/wp\/v2\/pages\/6297\/revisions"}],"predecessor-version":[{"id":6332,"href":"https:\/\/fiskarheden.se\/en\/wp-json\/wp\/v2\/pages\/6297\/revisions\/6332"}],"up":[{"embeddable":true,"href":"https:\/\/fiskarheden.se\/en\/wp-json\/wp\/v2\/pages\/6272"}],"wp:featuredmedia":[{"embeddable":true,"href":"https:\/\/fiskarheden.se\/en\/wp-json\/wp\/v2\/media\/6299"}],"wp:attachment":[{"href":"https:\/\/fiskarheden.se\/en\/wp-json\/wp\/v2\/media?parent=6297"}],"curies":[{"name":"wp","href":"https:\/\/api.w.org\/{rel}","templated":true}]}}