{"id":5694,"date":"2024-08-19T09:57:49","date_gmt":"2024-08-19T07:57:49","guid":{"rendered":"https:\/\/fiskarheden.se\/?page_id=5694"},"modified":"2024-09-19T12:52:22","modified_gmt":"2024-09-19T10:52:22","slug":"loading","status":"publish","type":"page","link":"https:\/\/fiskarheden.se\/en\/om-fiskarheden\/loading\/","title":{"rendered":"Loading and documents"},"content":{"rendered":"\n<p><em><strong>English<\/strong> \u2013 Loading &amp; documents<\/em><br>For loading and documents, the southern entrance to the Fiskarhedens industrial area is used, please see map below. Protective equipment is mandatory in loading areas \u2013 see picture below for details.<br><a href=\"https:\/\/maps.app.goo.gl\/igxu2gXTmKUKQCEM7\">Link to pin \u2013 Google Maps<\/a><\/p>\n\n\n\n<p><em><strong>Polski<\/strong> \u2013 \u0141adowanie i dokumenty<\/em><br>Do za\u0142adunku i przewozu dokument\u00f3w wykorzystywany jest po\u0142udniowy wjazd na teren przemys\u0142owy Fiskarhedens, patrz mapa poni\u017cej. Sprz\u0119t ochronny jest obowi\u0105zkowy w strefach za\u0142adunku &#8211; szczeg\u00f3\u0142y na poni\u017cszym obrazku.<br><a href=\"https:\/\/maps.app.goo.gl\/igxu2gXTmKUKQCEM7\">Link do pinezki \u2013 Google Maps<\/a><\/p>\n\n\n\n<p><em><strong>\u0443\u043a\u0440\u0430\u0457\u043d\u0441\u044c\u043a\u0430<\/strong> \u2013 \u0417\u0430\u0432\u0430\u043d\u0442\u0430\u0436\u0435\u043d\u043d\u044f \u0442\u0430 \u0434\u043e\u043a\u0443\u043c\u0435\u043d\u0442\u0438<\/em><br>\u0414\u043b\u044f \u0437\u0430\u0432\u0430\u043d\u0442\u0430\u0436\u0435\u043d\u043d\u044f \u0442\u0430 \u043e\u0444\u043e\u0440\u043c\u043b\u0435\u043d\u043d\u044f \u0434\u043e\u043a\u0443\u043c\u0435\u043d\u0442\u0456\u0432 \u0432\u0438\u043a\u043e\u0440\u0438\u0441\u0442\u043e\u0432\u0443\u0454\u0442\u044c\u0441\u044f \u043f\u0456\u0432\u0434\u0435\u043d\u043d\u0438\u0439 \u0432&#8217;\u0457\u0437\u0434 \u0434\u043e \u043f\u0440\u043e\u043c\u0438\u0441\u043b\u043e\u0432\u043e\u0457 \u0437\u043e\u043d\u0438 Fiskarhedens, \u0431\u0443\u0434\u044c \u043b\u0430\u0441\u043a\u0430, \u0434\u0438\u0432\u0456\u0442\u044c\u0441\u044f \u043a\u0430\u0440\u0442\u0443 \u043d\u0438\u0436\u0447\u0435. \u041d\u0430 \u0432\u0430\u043d\u0442\u0430\u0436\u043d\u0438\u0445 \u043c\u0430\u0439\u0434\u0430\u043d\u0447\u0438\u043a\u0430\u0445 \u043e\u0431\u043e\u0432&#8217;\u044f\u0437\u043a\u043e\u0432\u0438\u043c \u0454 \u0432\u0438\u043a\u043e\u0440\u0438\u0441\u0442\u0430\u043d\u043d\u044f \u0437\u0430\u0445\u0438\u0441\u043d\u043e\u0433\u043e \u0441\u043f\u043e\u0440\u044f\u0434\u0436\u0435\u043d\u043d\u044f &#8211; \u0434\u0438\u0432. \u0444\u043e\u0442\u043e \u043d\u0438\u0436\u0447\u0435 \u0434\u043b\u044f \u0434\u0435\u0442\u0430\u043b\u0435\u0439.<br><a href=\"https:\/\/maps.app.goo.gl\/igxu2gXTmKUKQCEM7\">\u041f\u043e\u0441\u0438\u043b\u0430\u043d\u043d\u044f \u043d\u0430 \u043a\u0430\u0440\u0442\u0443 \u2013 Google Maps<\/a><\/p>\n\n\n\n<p><em><strong>Deutsch<\/strong> \u2013 Laden &amp; Dokumente<\/em><br>F\u00fcr die Verladung und die Ausstellung von Dokumenten wird der s\u00fcdliche Eingang des Industriegebiets Fiskarhedens benutzt, siehe Karte unten. In den Ladebereichen ist Schutzausr\u00fcstung vorgeschrieben &#8211; siehe Abbildung unten f\u00fcr weitere Einzelheiten.<br><a href=\"https:\/\/maps.app.goo.gl\/igxu2gXTmKUKQCEM7\">Link zur Stecknadel \u2013 Google Maps<\/a><\/p>\n","protected":false},"excerpt":{"rendered":"<p>English \u2013 Loading &amp; documentsFor loading and documents, the southern entrance to the Fiskarhedens industrial area is used, please see map below. Protective equipment is mandatory in loading areas \u2013 see picture below for details.Link to pin \u2013 Google Maps Polski \u2013 \u0141adowanie i dokumentyDo za\u0142adunku i przewozu dokument\u00f3w wykorzystywany jest po\u0142udniowy wjazd na teren [&hellip;]<\/p>\n","protected":false},"author":4,"featured_media":5719,"parent":3599,"menu_order":0,"comment_status":"closed","ping_status":"closed","template":"information","meta":{"_acf_changed":false,"footnotes":""},"class_list":["post-5694","page","type-page","status-publish","has-post-thumbnail","hentry"],"acf":[],"yoast_head":"<!-- This site is optimized with the Yoast SEO plugin v27.4 - https:\/\/yoast.com\/product\/yoast-seo-wordpress\/ -->\n<title>Loading and documents - Fiskarheden<\/title>\n<meta name=\"description\" content=\"For loading and documents, the southern entrance to the Fiskarhedens industrial area is used. See the map!\" \/>\n<meta name=\"robots\" content=\"index, follow, max-snippet:-1, max-image-preview:large, max-video-preview:-1\" \/>\n<link rel=\"canonical\" href=\"https:\/\/fiskarheden.se\/en\/om-fiskarheden\/loading\/\" \/>\n<meta property=\"og:locale\" content=\"en_US\" \/>\n<meta property=\"og:type\" content=\"article\" \/>\n<meta property=\"og:title\" content=\"Loading and documents - Fiskarheden\" \/>\n<meta property=\"og:description\" content=\"For loading and documents, the southern entrance to the Fiskarhedens industrial area is used. See the map!\" \/>\n<meta property=\"og:url\" content=\"https:\/\/fiskarheden.se\/en\/om-fiskarheden\/loading\/\" \/>\n<meta property=\"og:site_name\" content=\"Fiskarheden\" \/>\n<meta property=\"article:publisher\" content=\"https:\/\/www.facebook.com\/FiskarhedensTravaruAb\" \/>\n<meta property=\"article:modified_time\" content=\"2024-09-19T10:52:22+00:00\" \/>\n<meta property=\"og:image\" content=\"https:\/\/fiskarheden.se\/wp-content\/uploads\/2024\/08\/dsc00225.jpg\" \/>\n\t<meta property=\"og:image:width\" content=\"1600\" \/>\n\t<meta property=\"og:image:height\" content=\"2000\" \/>\n\t<meta property=\"og:image:type\" content=\"image\/jpeg\" \/>\n<meta name=\"twitter:card\" content=\"summary_large_image\" \/>\n<meta name=\"twitter:label1\" content=\"Est. reading time\" \/>\n\t<meta name=\"twitter:data1\" content=\"1 minute\" \/>\n<script type=\"application\/ld+json\" class=\"yoast-schema-graph\">{\"@context\":\"https:\\\/\\\/schema.org\",\"@graph\":[{\"@type\":\"WebPage\",\"@id\":\"https:\\\/\\\/fiskarheden.se\\\/en\\\/om-fiskarheden\\\/loading\\\/\",\"url\":\"https:\\\/\\\/fiskarheden.se\\\/en\\\/om-fiskarheden\\\/loading\\\/\",\"name\":\"Loading and documents - Fiskarheden\",\"isPartOf\":{\"@id\":\"https:\\\/\\\/fiskarheden.se\\\/en\\\/#website\"},\"primaryImageOfPage\":{\"@id\":\"https:\\\/\\\/fiskarheden.se\\\/en\\\/om-fiskarheden\\\/loading\\\/#primaryimage\"},\"image\":{\"@id\":\"https:\\\/\\\/fiskarheden.se\\\/en\\\/om-fiskarheden\\\/loading\\\/#primaryimage\"},\"thumbnailUrl\":\"https:\\\/\\\/fiskarheden.se\\\/wp-content\\\/uploads\\\/2024\\\/08\\\/dsc00225.jpg\",\"datePublished\":\"2024-08-19T07:57:49+00:00\",\"dateModified\":\"2024-09-19T10:52:22+00:00\",\"description\":\"For loading and documents, the southern entrance to the Fiskarhedens industrial area is used. See the map!\",\"breadcrumb\":{\"@id\":\"https:\\\/\\\/fiskarheden.se\\\/en\\\/om-fiskarheden\\\/loading\\\/#breadcrumb\"},\"inLanguage\":\"en-US\",\"potentialAction\":[{\"@type\":\"ReadAction\",\"target\":[\"https:\\\/\\\/fiskarheden.se\\\/en\\\/om-fiskarheden\\\/loading\\\/\"]}]},{\"@type\":\"ImageObject\",\"inLanguage\":\"en-US\",\"@id\":\"https:\\\/\\\/fiskarheden.se\\\/en\\\/om-fiskarheden\\\/loading\\\/#primaryimage\",\"url\":\"https:\\\/\\\/fiskarheden.se\\\/wp-content\\\/uploads\\\/2024\\\/08\\\/dsc00225.jpg\",\"contentUrl\":\"https:\\\/\\\/fiskarheden.se\\\/wp-content\\\/uploads\\\/2024\\\/08\\\/dsc00225.jpg\",\"width\":1600,\"height\":2000},{\"@type\":\"BreadcrumbList\",\"@id\":\"https:\\\/\\\/fiskarheden.se\\\/en\\\/om-fiskarheden\\\/loading\\\/#breadcrumb\",\"itemListElement\":[{\"@type\":\"ListItem\",\"position\":1,\"name\":\"Hem\",\"item\":\"https:\\\/\\\/fiskarheden.se\\\/en\\\/\"},{\"@type\":\"ListItem\",\"position\":2,\"name\":\"About Fiskarheden\",\"item\":\"https:\\\/\\\/fiskarheden.se\\\/en\\\/om-fiskarheden\\\/\"},{\"@type\":\"ListItem\",\"position\":3,\"name\":\"Loading and documents\"}]},{\"@type\":\"WebSite\",\"@id\":\"https:\\\/\\\/fiskarheden.se\\\/en\\\/#website\",\"url\":\"https:\\\/\\\/fiskarheden.se\\\/en\\\/\",\"name\":\"Fiskarheden\",\"description\":\"Timber that makes a difference\",\"publisher\":{\"@id\":\"https:\\\/\\\/fiskarheden.se\\\/en\\\/#organization\"},\"potentialAction\":[{\"@type\":\"SearchAction\",\"target\":{\"@type\":\"EntryPoint\",\"urlTemplate\":\"https:\\\/\\\/fiskarheden.se\\\/en\\\/?s={search_term_string}\"},\"query-input\":{\"@type\":\"PropertyValueSpecification\",\"valueRequired\":true,\"valueName\":\"search_term_string\"}}],\"inLanguage\":\"en-US\"},{\"@type\":\"Organization\",\"@id\":\"https:\\\/\\\/fiskarheden.se\\\/en\\\/#organization\",\"name\":\"Fiskarheden\",\"url\":\"https:\\\/\\\/fiskarheden.se\\\/en\\\/\",\"logo\":{\"@type\":\"ImageObject\",\"inLanguage\":\"en-US\",\"@id\":\"https:\\\/\\\/fiskarheden.se\\\/en\\\/#\\\/schema\\\/logo\\\/image\\\/\",\"url\":\"https:\\\/\\\/fiskarheden.se\\\/wp-content\\\/uploads\\\/2022\\\/12\\\/logo-at-2x.png\",\"contentUrl\":\"https:\\\/\\\/fiskarheden.se\\\/wp-content\\\/uploads\\\/2022\\\/12\\\/logo-at-2x.png\",\"width\":532,\"height\":88,\"caption\":\"Fiskarheden\"},\"image\":{\"@id\":\"https:\\\/\\\/fiskarheden.se\\\/en\\\/#\\\/schema\\\/logo\\\/image\\\/\"},\"sameAs\":[\"https:\\\/\\\/www.facebook.com\\\/FiskarhedensTravaruAb\"]}]}<\/script>\n<!-- \/ Yoast SEO plugin. -->","yoast_head_json":{"title":"Loading and documents - Fiskarheden","description":"For loading and documents, the southern entrance to the Fiskarhedens industrial area is used. See the map!","robots":{"index":"index","follow":"follow","max-snippet":"max-snippet:-1","max-image-preview":"max-image-preview:large","max-video-preview":"max-video-preview:-1"},"canonical":"https:\/\/fiskarheden.se\/en\/om-fiskarheden\/loading\/","og_locale":"en_US","og_type":"article","og_title":"Loading and documents - Fiskarheden","og_description":"For loading and documents, the southern entrance to the Fiskarhedens industrial area is used. See the map!","og_url":"https:\/\/fiskarheden.se\/en\/om-fiskarheden\/loading\/","og_site_name":"Fiskarheden","article_publisher":"https:\/\/www.facebook.com\/FiskarhedensTravaruAb","article_modified_time":"2024-09-19T10:52:22+00:00","og_image":[{"width":1600,"height":2000,"url":"https:\/\/fiskarheden.se\/wp-content\/uploads\/2024\/08\/dsc00225.jpg","type":"image\/jpeg"}],"twitter_card":"summary_large_image","twitter_misc":{"Est. reading time":"1 minute"},"schema":{"@context":"https:\/\/schema.org","@graph":[{"@type":"WebPage","@id":"https:\/\/fiskarheden.se\/en\/om-fiskarheden\/loading\/","url":"https:\/\/fiskarheden.se\/en\/om-fiskarheden\/loading\/","name":"Loading and documents - Fiskarheden","isPartOf":{"@id":"https:\/\/fiskarheden.se\/en\/#website"},"primaryImageOfPage":{"@id":"https:\/\/fiskarheden.se\/en\/om-fiskarheden\/loading\/#primaryimage"},"image":{"@id":"https:\/\/fiskarheden.se\/en\/om-fiskarheden\/loading\/#primaryimage"},"thumbnailUrl":"https:\/\/fiskarheden.se\/wp-content\/uploads\/2024\/08\/dsc00225.jpg","datePublished":"2024-08-19T07:57:49+00:00","dateModified":"2024-09-19T10:52:22+00:00","description":"For loading and documents, the southern entrance to the Fiskarhedens industrial area is used. See the map!","breadcrumb":{"@id":"https:\/\/fiskarheden.se\/en\/om-fiskarheden\/loading\/#breadcrumb"},"inLanguage":"en-US","potentialAction":[{"@type":"ReadAction","target":["https:\/\/fiskarheden.se\/en\/om-fiskarheden\/loading\/"]}]},{"@type":"ImageObject","inLanguage":"en-US","@id":"https:\/\/fiskarheden.se\/en\/om-fiskarheden\/loading\/#primaryimage","url":"https:\/\/fiskarheden.se\/wp-content\/uploads\/2024\/08\/dsc00225.jpg","contentUrl":"https:\/\/fiskarheden.se\/wp-content\/uploads\/2024\/08\/dsc00225.jpg","width":1600,"height":2000},{"@type":"BreadcrumbList","@id":"https:\/\/fiskarheden.se\/en\/om-fiskarheden\/loading\/#breadcrumb","itemListElement":[{"@type":"ListItem","position":1,"name":"Hem","item":"https:\/\/fiskarheden.se\/en\/"},{"@type":"ListItem","position":2,"name":"About Fiskarheden","item":"https:\/\/fiskarheden.se\/en\/om-fiskarheden\/"},{"@type":"ListItem","position":3,"name":"Loading and documents"}]},{"@type":"WebSite","@id":"https:\/\/fiskarheden.se\/en\/#website","url":"https:\/\/fiskarheden.se\/en\/","name":"Fiskarheden","description":"Timber that makes a difference","publisher":{"@id":"https:\/\/fiskarheden.se\/en\/#organization"},"potentialAction":[{"@type":"SearchAction","target":{"@type":"EntryPoint","urlTemplate":"https:\/\/fiskarheden.se\/en\/?s={search_term_string}"},"query-input":{"@type":"PropertyValueSpecification","valueRequired":true,"valueName":"search_term_string"}}],"inLanguage":"en-US"},{"@type":"Organization","@id":"https:\/\/fiskarheden.se\/en\/#organization","name":"Fiskarheden","url":"https:\/\/fiskarheden.se\/en\/","logo":{"@type":"ImageObject","inLanguage":"en-US","@id":"https:\/\/fiskarheden.se\/en\/#\/schema\/logo\/image\/","url":"https:\/\/fiskarheden.se\/wp-content\/uploads\/2022\/12\/logo-at-2x.png","contentUrl":"https:\/\/fiskarheden.se\/wp-content\/uploads\/2022\/12\/logo-at-2x.png","width":532,"height":88,"caption":"Fiskarheden"},"image":{"@id":"https:\/\/fiskarheden.se\/en\/#\/schema\/logo\/image\/"},"sameAs":["https:\/\/www.facebook.com\/FiskarhedensTravaruAb"]}]}},"_links":{"self":[{"href":"https:\/\/fiskarheden.se\/en\/wp-json\/wp\/v2\/pages\/5694","targetHints":{"allow":["GET"]}}],"collection":[{"href":"https:\/\/fiskarheden.se\/en\/wp-json\/wp\/v2\/pages"}],"about":[{"href":"https:\/\/fiskarheden.se\/en\/wp-json\/wp\/v2\/types\/page"}],"author":[{"embeddable":true,"href":"https:\/\/fiskarheden.se\/en\/wp-json\/wp\/v2\/users\/4"}],"replies":[{"embeddable":true,"href":"https:\/\/fiskarheden.se\/en\/wp-json\/wp\/v2\/comments?post=5694"}],"version-history":[{"count":16,"href":"https:\/\/fiskarheden.se\/en\/wp-json\/wp\/v2\/pages\/5694\/revisions"}],"predecessor-version":[{"id":5780,"href":"https:\/\/fiskarheden.se\/en\/wp-json\/wp\/v2\/pages\/5694\/revisions\/5780"}],"up":[{"embeddable":true,"href":"https:\/\/fiskarheden.se\/en\/wp-json\/wp\/v2\/pages\/3599"}],"wp:featuredmedia":[{"embeddable":true,"href":"https:\/\/fiskarheden.se\/en\/wp-json\/wp\/v2\/media\/5719"}],"wp:attachment":[{"href":"https:\/\/fiskarheden.se\/en\/wp-json\/wp\/v2\/media?parent=5694"}],"curies":[{"name":"wp","href":"https:\/\/api.w.org\/{rel}","templated":true}]}}