{"id":3972,"date":"2023-02-14T17:30:50","date_gmt":"2023-02-14T16:30:50","guid":{"rendered":"https:\/\/fiskarheden.se\/wood-products\/alvdalsfonster\/"},"modified":"2023-04-04T14:27:24","modified_gmt":"2023-04-04T12:27:24","slug":"alvdalsfonster","status":"publish","type":"page","link":"https:\/\/fiskarheden.se\/en\/construction\/alvdalsfonster\/","title":{"rendered":"\u00c4lvdalsf\u00f6nster"},"content":{"rendered":"\n<h2 class=\"wp-block-heading\">Specialists in wooden windows<\/h2>\n\n\n\n<p>Since 2022, \u00c4lvdalsf\u00f6nster is part of the Fiskarheden Group. \u00c4lvdalsf\u00f6nster specializes in window manufacturing of wooden windows and window doors in the vernacular according to the customer&#8217;s requirements and wishes. They have been doing this since 1924 and are therefore a good choice for those who are replacing windows, both in old and new houses.<\/p>\n\n\n\n<p>Window production is customer-driven and all windows are made to order. This means that you who buy windows do not have to adapt to any specific dimensions, but get windows made exactly as you and your house want it.<\/p>\n\n\n\n<p>\u00c4lvdalsf\u00f6nster is also a retailer of interior and exterior doors and turnable windows in wood and aluminum. This means that they have a wide range and can offer a complete solution regardless of requirements.<\/p>\n\n\n<a href=\"http:\/\/www.alvdalsfonster.se\" target=\"_blank\"\n    class=\"rounded inline-block transition-all hover:underline flex items-center font-semibold leading-none py-5 bg-theme-blue-standard text-white hover:bg-theme-blue-dark px-8 py-4 my-2 w-fit flex justify-center items-center font-medium\">\n    <svg xmlns=\"http:\/\/www.w3.org\/2000\/svg\" viewBox=\"0 0 12 12\" class=\"-rotate-90 h-3 fill-white inline-block mr-1\">\n    <polygon points=\"10.6 2.44998779 6 7.04998779 1.4 2.44998779 0 3.84998779 6 9.84998779 12 3.84998779\">\n    <\/polygon>\n<\/svg>\nRead more at alvdalsfonster.se<\/a>\n","protected":false},"excerpt":{"rendered":"<p>Specialists in wooden windows Since 2022, \u00c4lvdalsf\u00f6nster is part of the Fiskarheden Group. \u00c4lvdalsf\u00f6nster specializes in window manufacturing of wooden windows and window doors in the vernacular according to the customer&#8217;s requirements and wishes. They have been doing this since 1924 and are therefore a good choice for those who are replacing windows, both in [&hellip;]<\/p>\n","protected":false},"author":4,"featured_media":3197,"parent":6272,"menu_order":0,"comment_status":"closed","ping_status":"closed","template":"information","meta":{"_acf_changed":false,"footnotes":""},"class_list":["post-3972","page","type-page","status-publish","has-post-thumbnail","hentry"],"acf":[],"yoast_head":"<!-- This site is optimized with the Yoast SEO plugin v27.4 - https:\/\/yoast.com\/product\/yoast-seo-wordpress\/ -->\n<title>\u00c4lvdalsf\u00f6nster Specialists in wooden windows - Fiskarheden<\/title>\n<meta name=\"description\" content=\"\u00c4lvdalsf\u00f6nster. Specialists in wooden windows. A part of Fiskarheden.\" \/>\n<meta name=\"robots\" content=\"index, follow, max-snippet:-1, max-image-preview:large, max-video-preview:-1\" \/>\n<link rel=\"canonical\" href=\"https:\/\/fiskarheden.se\/en\/construction\/alvdalsfonster\/\" \/>\n<meta property=\"og:locale\" content=\"en_US\" \/>\n<meta property=\"og:type\" content=\"article\" \/>\n<meta property=\"og:title\" content=\"\u00c4lvdalsf\u00f6nster Specialists in wooden windows - Fiskarheden\" \/>\n<meta property=\"og:description\" content=\"\u00c4lvdalsf\u00f6nster. Specialists in wooden windows. A part of Fiskarheden.\" \/>\n<meta property=\"og:url\" content=\"https:\/\/fiskarheden.se\/en\/construction\/alvdalsfonster\/\" \/>\n<meta property=\"og:site_name\" content=\"Fiskarheden\" \/>\n<meta property=\"article:publisher\" content=\"https:\/\/www.facebook.com\/FiskarhedensTravaruAb\" \/>\n<meta property=\"article:modified_time\" content=\"2023-04-04T12:27:24+00:00\" \/>\n<meta property=\"og:image\" content=\"https:\/\/fiskarheden.se\/wp-content\/uploads\/2023\/02\/alvdalsfonster-logo.jpg\" \/>\n\t<meta property=\"og:image:width\" content=\"1000\" \/>\n\t<meta property=\"og:image:height\" content=\"1000\" \/>\n\t<meta property=\"og:image:type\" content=\"image\/jpeg\" \/>\n<meta name=\"twitter:card\" content=\"summary_large_image\" \/>\n<meta name=\"twitter:label1\" content=\"Est. reading time\" \/>\n\t<meta name=\"twitter:data1\" content=\"1 minute\" \/>\n<script type=\"application\/ld+json\" class=\"yoast-schema-graph\">{\"@context\":\"https:\\\/\\\/schema.org\",\"@graph\":[{\"@type\":\"WebPage\",\"@id\":\"https:\\\/\\\/fiskarheden.se\\\/en\\\/construction\\\/alvdalsfonster\\\/\",\"url\":\"https:\\\/\\\/fiskarheden.se\\\/en\\\/construction\\\/alvdalsfonster\\\/\",\"name\":\"\u00c4lvdalsf\u00f6nster Specialists in wooden windows - Fiskarheden\",\"isPartOf\":{\"@id\":\"https:\\\/\\\/fiskarheden.se\\\/en\\\/#website\"},\"primaryImageOfPage\":{\"@id\":\"https:\\\/\\\/fiskarheden.se\\\/en\\\/construction\\\/alvdalsfonster\\\/#primaryimage\"},\"image\":{\"@id\":\"https:\\\/\\\/fiskarheden.se\\\/en\\\/construction\\\/alvdalsfonster\\\/#primaryimage\"},\"thumbnailUrl\":\"https:\\\/\\\/fiskarheden.se\\\/wp-content\\\/uploads\\\/2023\\\/02\\\/alvdalsfonster-logo.jpg\",\"datePublished\":\"2023-02-14T16:30:50+00:00\",\"dateModified\":\"2023-04-04T12:27:24+00:00\",\"description\":\"\u00c4lvdalsf\u00f6nster. Specialists in wooden windows. A part of Fiskarheden.\",\"breadcrumb\":{\"@id\":\"https:\\\/\\\/fiskarheden.se\\\/en\\\/construction\\\/alvdalsfonster\\\/#breadcrumb\"},\"inLanguage\":\"en-US\",\"potentialAction\":[{\"@type\":\"ReadAction\",\"target\":[\"https:\\\/\\\/fiskarheden.se\\\/en\\\/construction\\\/alvdalsfonster\\\/\"]}]},{\"@type\":\"ImageObject\",\"inLanguage\":\"en-US\",\"@id\":\"https:\\\/\\\/fiskarheden.se\\\/en\\\/construction\\\/alvdalsfonster\\\/#primaryimage\",\"url\":\"https:\\\/\\\/fiskarheden.se\\\/wp-content\\\/uploads\\\/2023\\\/02\\\/alvdalsfonster-logo.jpg\",\"contentUrl\":\"https:\\\/\\\/fiskarheden.se\\\/wp-content\\\/uploads\\\/2023\\\/02\\\/alvdalsfonster-logo.jpg\",\"width\":1000,\"height\":1000},{\"@type\":\"BreadcrumbList\",\"@id\":\"https:\\\/\\\/fiskarheden.se\\\/en\\\/construction\\\/alvdalsfonster\\\/#breadcrumb\",\"itemListElement\":[{\"@type\":\"ListItem\",\"position\":1,\"name\":\"Hem\",\"item\":\"https:\\\/\\\/fiskarheden.se\\\/en\\\/\"},{\"@type\":\"ListItem\",\"position\":2,\"name\":\"Wood products\",\"item\":\"https:\\\/\\\/fiskarheden.se\\\/en\\\/wood-products\\\/\"},{\"@type\":\"ListItem\",\"position\":3,\"name\":\"\u00c4lvdalsf\u00f6nster\"}]},{\"@type\":\"WebSite\",\"@id\":\"https:\\\/\\\/fiskarheden.se\\\/en\\\/#website\",\"url\":\"https:\\\/\\\/fiskarheden.se\\\/en\\\/\",\"name\":\"Fiskarheden\",\"description\":\"Timber that makes a difference\",\"publisher\":{\"@id\":\"https:\\\/\\\/fiskarheden.se\\\/en\\\/#organization\"},\"potentialAction\":[{\"@type\":\"SearchAction\",\"target\":{\"@type\":\"EntryPoint\",\"urlTemplate\":\"https:\\\/\\\/fiskarheden.se\\\/en\\\/?s={search_term_string}\"},\"query-input\":{\"@type\":\"PropertyValueSpecification\",\"valueRequired\":true,\"valueName\":\"search_term_string\"}}],\"inLanguage\":\"en-US\"},{\"@type\":\"Organization\",\"@id\":\"https:\\\/\\\/fiskarheden.se\\\/en\\\/#organization\",\"name\":\"Fiskarheden\",\"url\":\"https:\\\/\\\/fiskarheden.se\\\/en\\\/\",\"logo\":{\"@type\":\"ImageObject\",\"inLanguage\":\"en-US\",\"@id\":\"https:\\\/\\\/fiskarheden.se\\\/en\\\/#\\\/schema\\\/logo\\\/image\\\/\",\"url\":\"https:\\\/\\\/fiskarheden.se\\\/wp-content\\\/uploads\\\/2022\\\/12\\\/logo-at-2x.png\",\"contentUrl\":\"https:\\\/\\\/fiskarheden.se\\\/wp-content\\\/uploads\\\/2022\\\/12\\\/logo-at-2x.png\",\"width\":532,\"height\":88,\"caption\":\"Fiskarheden\"},\"image\":{\"@id\":\"https:\\\/\\\/fiskarheden.se\\\/en\\\/#\\\/schema\\\/logo\\\/image\\\/\"},\"sameAs\":[\"https:\\\/\\\/www.facebook.com\\\/FiskarhedensTravaruAb\"]}]}<\/script>\n<!-- \/ Yoast SEO plugin. -->","yoast_head_json":{"title":"\u00c4lvdalsf\u00f6nster Specialists in wooden windows - Fiskarheden","description":"\u00c4lvdalsf\u00f6nster. Specialists in wooden windows. A part of Fiskarheden.","robots":{"index":"index","follow":"follow","max-snippet":"max-snippet:-1","max-image-preview":"max-image-preview:large","max-video-preview":"max-video-preview:-1"},"canonical":"https:\/\/fiskarheden.se\/en\/construction\/alvdalsfonster\/","og_locale":"en_US","og_type":"article","og_title":"\u00c4lvdalsf\u00f6nster Specialists in wooden windows - Fiskarheden","og_description":"\u00c4lvdalsf\u00f6nster. Specialists in wooden windows. A part of Fiskarheden.","og_url":"https:\/\/fiskarheden.se\/en\/construction\/alvdalsfonster\/","og_site_name":"Fiskarheden","article_publisher":"https:\/\/www.facebook.com\/FiskarhedensTravaruAb","article_modified_time":"2023-04-04T12:27:24+00:00","og_image":[{"width":1000,"height":1000,"url":"https:\/\/fiskarheden.se\/wp-content\/uploads\/2023\/02\/alvdalsfonster-logo.jpg","type":"image\/jpeg"}],"twitter_card":"summary_large_image","twitter_misc":{"Est. reading time":"1 minute"},"schema":{"@context":"https:\/\/schema.org","@graph":[{"@type":"WebPage","@id":"https:\/\/fiskarheden.se\/en\/construction\/alvdalsfonster\/","url":"https:\/\/fiskarheden.se\/en\/construction\/alvdalsfonster\/","name":"\u00c4lvdalsf\u00f6nster Specialists in wooden windows - Fiskarheden","isPartOf":{"@id":"https:\/\/fiskarheden.se\/en\/#website"},"primaryImageOfPage":{"@id":"https:\/\/fiskarheden.se\/en\/construction\/alvdalsfonster\/#primaryimage"},"image":{"@id":"https:\/\/fiskarheden.se\/en\/construction\/alvdalsfonster\/#primaryimage"},"thumbnailUrl":"https:\/\/fiskarheden.se\/wp-content\/uploads\/2023\/02\/alvdalsfonster-logo.jpg","datePublished":"2023-02-14T16:30:50+00:00","dateModified":"2023-04-04T12:27:24+00:00","description":"\u00c4lvdalsf\u00f6nster. Specialists in wooden windows. A part of Fiskarheden.","breadcrumb":{"@id":"https:\/\/fiskarheden.se\/en\/construction\/alvdalsfonster\/#breadcrumb"},"inLanguage":"en-US","potentialAction":[{"@type":"ReadAction","target":["https:\/\/fiskarheden.se\/en\/construction\/alvdalsfonster\/"]}]},{"@type":"ImageObject","inLanguage":"en-US","@id":"https:\/\/fiskarheden.se\/en\/construction\/alvdalsfonster\/#primaryimage","url":"https:\/\/fiskarheden.se\/wp-content\/uploads\/2023\/02\/alvdalsfonster-logo.jpg","contentUrl":"https:\/\/fiskarheden.se\/wp-content\/uploads\/2023\/02\/alvdalsfonster-logo.jpg","width":1000,"height":1000},{"@type":"BreadcrumbList","@id":"https:\/\/fiskarheden.se\/en\/construction\/alvdalsfonster\/#breadcrumb","itemListElement":[{"@type":"ListItem","position":1,"name":"Hem","item":"https:\/\/fiskarheden.se\/en\/"},{"@type":"ListItem","position":2,"name":"Wood products","item":"https:\/\/fiskarheden.se\/en\/wood-products\/"},{"@type":"ListItem","position":3,"name":"\u00c4lvdalsf\u00f6nster"}]},{"@type":"WebSite","@id":"https:\/\/fiskarheden.se\/en\/#website","url":"https:\/\/fiskarheden.se\/en\/","name":"Fiskarheden","description":"Timber that makes a difference","publisher":{"@id":"https:\/\/fiskarheden.se\/en\/#organization"},"potentialAction":[{"@type":"SearchAction","target":{"@type":"EntryPoint","urlTemplate":"https:\/\/fiskarheden.se\/en\/?s={search_term_string}"},"query-input":{"@type":"PropertyValueSpecification","valueRequired":true,"valueName":"search_term_string"}}],"inLanguage":"en-US"},{"@type":"Organization","@id":"https:\/\/fiskarheden.se\/en\/#organization","name":"Fiskarheden","url":"https:\/\/fiskarheden.se\/en\/","logo":{"@type":"ImageObject","inLanguage":"en-US","@id":"https:\/\/fiskarheden.se\/en\/#\/schema\/logo\/image\/","url":"https:\/\/fiskarheden.se\/wp-content\/uploads\/2022\/12\/logo-at-2x.png","contentUrl":"https:\/\/fiskarheden.se\/wp-content\/uploads\/2022\/12\/logo-at-2x.png","width":532,"height":88,"caption":"Fiskarheden"},"image":{"@id":"https:\/\/fiskarheden.se\/en\/#\/schema\/logo\/image\/"},"sameAs":["https:\/\/www.facebook.com\/FiskarhedensTravaruAb"]}]}},"_links":{"self":[{"href":"https:\/\/fiskarheden.se\/en\/wp-json\/wp\/v2\/pages\/3972","targetHints":{"allow":["GET"]}}],"collection":[{"href":"https:\/\/fiskarheden.se\/en\/wp-json\/wp\/v2\/pages"}],"about":[{"href":"https:\/\/fiskarheden.se\/en\/wp-json\/wp\/v2\/types\/page"}],"author":[{"embeddable":true,"href":"https:\/\/fiskarheden.se\/en\/wp-json\/wp\/v2\/users\/4"}],"replies":[{"embeddable":true,"href":"https:\/\/fiskarheden.se\/en\/wp-json\/wp\/v2\/comments?post=3972"}],"version-history":[{"count":2,"href":"https:\/\/fiskarheden.se\/en\/wp-json\/wp\/v2\/pages\/3972\/revisions"}],"predecessor-version":[{"id":3975,"href":"https:\/\/fiskarheden.se\/en\/wp-json\/wp\/v2\/pages\/3972\/revisions\/3975"}],"up":[{"embeddable":true,"href":"https:\/\/fiskarheden.se\/en\/wp-json\/wp\/v2\/pages\/6272"}],"wp:featuredmedia":[{"embeddable":true,"href":"https:\/\/fiskarheden.se\/en\/wp-json\/wp\/v2\/media\/3197"}],"wp:attachment":[{"href":"https:\/\/fiskarheden.se\/en\/wp-json\/wp\/v2\/media?parent=3972"}],"curies":[{"name":"wp","href":"https:\/\/api.w.org\/{rel}","templated":true}]}}