{"id":3950,"date":"2023-02-08T15:13:15","date_gmt":"2023-02-08T14:13:15","guid":{"rendered":"https:\/\/fiskarheden.se\/wood-products\/sagade-travaror\/sortiment\/"},"modified":"2023-04-18T17:02:07","modified_gmt":"2023-04-18T15:02:07","slug":"sortiment","status":"publish","type":"page","link":"https:\/\/fiskarheden.se\/en\/wood-products\/sagade-travaror\/sortiment\/","title":{"rendered":"Product range"},"content":{"rendered":"\n<p>We offer a wide range of products in various qualities and dimensions. We are very flexible and make every effort to deliver planks and boards according to your wishes. The moisture content is 10-20%.<\/p>\n\n\n\n<hr class=\"wp-block-separator has-alpha-channel-opacity\"\/>\n\n\n\n<h3 class=\"wp-block-heading\">Some of our quality labels<\/h3>\n\n\n<div class=\"grid grid-cols-1 sm:grid-cols-2 gap-8\">\n                    <div class=\"relative\">\n                        <img width=\"341\" height=\"206\" src=\"https:\/\/fiskarheden.se\/wp-content\/uploads\/2023\/03\/o-s-1.jpg\" loading=\"lazy\" alt=\"\" title=\"O-S\" srcset=\"https:\/\/fiskarheden.se\/wp-content\/uploads\/2023\/03\/o-s-1.jpg 341w, https:\/\/fiskarheden.se\/wp-content\/uploads\/2023\/03\/o-s-1-300x181.jpg 300w\" sizes=\"auto, 100vw\" decoding=\"async\">\n                            <div class=\"mt-6 mb-2\">\n                    O\/S\n                                    <\/div>\n                    <\/div>\n                    <div class=\"relative\">\n                        <img width=\"341\" height=\"206\" src=\"https:\/\/fiskarheden.se\/wp-content\/uploads\/2023\/03\/v-1.jpg\" loading=\"lazy\" alt=\"\" title=\"V\" srcset=\"https:\/\/fiskarheden.se\/wp-content\/uploads\/2023\/03\/v-1.jpg 341w, https:\/\/fiskarheden.se\/wp-content\/uploads\/2023\/03\/v-1-300x181.jpg 300w\" sizes=\"auto, 100vw\" decoding=\"async\">\n                            <div class=\"mt-6 mb-2\">\n                    V\n                                    <\/div>\n                    <\/div>\n                    <div class=\"relative\">\n                        <img width=\"341\" height=\"206\" src=\"https:\/\/fiskarheden.se\/wp-content\/uploads\/2023\/03\/vi-1.jpg\" loading=\"lazy\" alt=\"\" title=\"VI\" srcset=\"https:\/\/fiskarheden.se\/wp-content\/uploads\/2023\/03\/vi-1.jpg 341w, https:\/\/fiskarheden.se\/wp-content\/uploads\/2023\/03\/vi-1-300x181.jpg 300w\" sizes=\"auto, 100vw\" decoding=\"async\">\n                            <div class=\"mt-6 mb-2\">\n                    VI\n                                    <\/div>\n                    <\/div>\n                    <div class=\"relative\">\n                        <img width=\"341\" height=\"206\" src=\"https:\/\/fiskarheden.se\/wp-content\/uploads\/2023\/03\/os-v-1.jpg\" loading=\"lazy\" alt=\"\" title=\"OS-V\" srcset=\"https:\/\/fiskarheden.se\/wp-content\/uploads\/2023\/03\/os-v-1.jpg 341w, https:\/\/fiskarheden.se\/wp-content\/uploads\/2023\/03\/os-v-1-300x181.jpg 300w\" sizes=\"auto, 100vw\" decoding=\"async\">\n                            <div class=\"mt-6 mb-2\">\n                    OS\/V\n                                    <\/div>\n                    <\/div>\n                    <div class=\"relative\">\n                        <img width=\"341\" height=\"206\" src=\"https:\/\/fiskarheden.se\/wp-content\/uploads\/2023\/03\/v-vi-1.jpg\" loading=\"lazy\" alt=\"\" title=\"V-VI\" srcset=\"https:\/\/fiskarheden.se\/wp-content\/uploads\/2023\/03\/v-vi-1.jpg 341w, https:\/\/fiskarheden.se\/wp-content\/uploads\/2023\/03\/v-vi-1-300x181.jpg 300w\" sizes=\"auto, 100vw\" decoding=\"async\">\n                            <div class=\"mt-6 mb-2\">\n                    V\/VI\n                                    <\/div>\n                    <\/div>\n                    <div class=\"relative\">\n                        <img width=\"341\" height=\"206\" src=\"https:\/\/fiskarheden.se\/wp-content\/uploads\/2023\/03\/os-v-vi-1.jpg\" loading=\"lazy\" alt=\"\" title=\"OS-V-VI\" srcset=\"https:\/\/fiskarheden.se\/wp-content\/uploads\/2023\/03\/os-v-vi-1.jpg 341w, https:\/\/fiskarheden.se\/wp-content\/uploads\/2023\/03\/os-v-vi-1-300x181.jpg 300w\" sizes=\"auto, 100vw\" decoding=\"async\">\n                            <div class=\"mt-6 mb-2\">\n                    OS\/V\/VI\n                                    <\/div>\n                    <\/div>\n    <\/div>\n\n\n\n<hr class=\"wp-block-separator has-alpha-channel-opacity\"\/>\n\n\n\n<h3 class=\"wp-block-heading\">Example of dimensions &#8211; pine<\/h3>\n\n\n\n<h4 class=\"wp-block-heading\"><strong>Sideboards<\/strong><\/h4>\n\n\n\n<figure class=\"wp-block-table is-style-regular\"><table class=\"has-fixed-layout\"><tbody><tr><td>Thickness (mm)<\/td><td>Width (mm)<\/td><\/tr><tr><td>16<\/td><td>75, 100<\/td><\/tr><tr><td>19<\/td><td>75, 100, 125, 150<\/td><\/tr><tr><td>25<\/td><td>75, 100, 125, 150, 175, 200, 225<\/td><\/tr><\/tbody><\/table><\/figure>\n\n\n\n<h4 class=\"wp-block-heading\">Centercut<\/h4>\n\n\n\n<figure class=\"wp-block-table is-style-regular\"><table class=\"has-fixed-layout\"><tbody><tr><td>Thickness (mm)<\/td><td>Width (mm)<\/td><\/tr><tr><td>30<\/td><td>112, 123<\/td><\/tr><tr><td>34<\/td><td>112, 125, 127<\/td><\/tr><tr><td>36<\/td><td>125<\/td><\/tr><tr><td>38<\/td><td>100, 115, 125, 150, 200, 225<\/td><\/tr><tr><td>44<\/td><td>125, 175<\/td><\/tr><tr><td>50<\/td><td>100, 115, 125, 150, 175, 200, 225<\/td><\/tr><tr><td>63<\/td><td>125, 150, 200<\/td><\/tr><tr><td>75<\/td><td>125, 150, 200, 225<\/td><\/tr><\/tbody><\/table><\/figure>\n\n\n\n<h3 class=\"wp-block-heading\">Example of dimensions &#8211; spruce<\/h3>\n\n\n\n<h4 class=\"wp-block-heading\"><strong>Sideboards<\/strong><\/h4>\n\n\n\n<figure class=\"wp-block-table\"><table class=\"has-fixed-layout\"><tbody><tr><td>Thickness (mm)<\/td><td>Width (mm)<\/td><\/tr><tr><td>16<\/td><td>75, 100<\/td><\/tr><tr><td>22<\/td><td>75, 100, 125, 150, 175, 200<\/td><\/tr><tr><td>32<\/td><td>225<\/td><\/tr><\/tbody><\/table><\/figure>\n\n\n\n<h4 class=\"wp-block-heading\">Centercut<\/h4>\n\n\n\n<figure class=\"wp-block-table\"><table class=\"has-fixed-layout\"><tbody><tr><td>Thickness (mm)<\/td><td>Width (mm)<\/td><\/tr><tr><td>34<\/td><td>127<\/td><\/tr><tr><td>38<\/td><td>150, 175, 200, 225<\/td><\/tr><tr><td>44<\/td><td>150<\/td><\/tr><tr><td>47<\/td><td>125, 150, 175, 200, 225<\/td><\/tr><tr><td>50<\/td><td>125, 150, 175, 200, 225<\/td><\/tr><tr><td>63<\/td><td>125, 150, 175, 200, 225<\/td><\/tr><tr><td>75<\/td><td>125, 150, 175, 200, 225<\/td><\/tr><\/tbody><\/table><\/figure>\n","protected":false},"excerpt":{"rendered":"<p>We offer a wide range of products in various qualities and dimensions. We are very flexible and make every effort to deliver planks and boards according to your wishes. The moisture content is 10-20%. Some of our quality labels Example of dimensions &#8211; pine Sideboards Thickness (mm) Width (mm) 16 75, 100 19 75, 100, [&hellip;]<\/p>\n","protected":false},"author":2,"featured_media":3200,"parent":3936,"menu_order":0,"comment_status":"closed","ping_status":"closed","template":"information","meta":{"_acf_changed":false,"footnotes":""},"class_list":["post-3950","page","type-page","status-publish","has-post-thumbnail","hentry"],"acf":[],"yoast_head":"<!-- This site is optimized with the Yoast SEO plugin v27.4 - https:\/\/yoast.com\/product\/yoast-seo-wordpress\/ -->\n<title>V\u00e5rt sortiment av s\u00e5gade tr\u00e4varor - Fiskarheden<\/title>\n<meta name=\"description\" content=\"Vi erbjuder ett brett sortiment i diverse kvaliteter och dimensioner. Vi \u00e4r flexibla och g\u00f6r allt f\u00f6r att leverera plankor och br\u00e4dor enligt dina \u00f6nskem\u00e5l.\" \/>\n<meta name=\"robots\" content=\"index, follow, max-snippet:-1, max-image-preview:large, max-video-preview:-1\" \/>\n<link rel=\"canonical\" href=\"https:\/\/fiskarheden.se\/en\/wood-products\/sagade-travaror\/sortiment\/\" \/>\n<meta property=\"og:locale\" content=\"en_US\" \/>\n<meta property=\"og:type\" content=\"article\" \/>\n<meta property=\"og:title\" content=\"V\u00e5rt sortiment av s\u00e5gade tr\u00e4varor - Fiskarheden\" \/>\n<meta property=\"og:description\" content=\"Vi erbjuder ett brett sortiment i diverse kvaliteter och dimensioner. Vi \u00e4r flexibla och g\u00f6r allt f\u00f6r att leverera plankor och br\u00e4dor enligt dina \u00f6nskem\u00e5l.\" \/>\n<meta property=\"og:url\" content=\"https:\/\/fiskarheden.se\/en\/wood-products\/sagade-travaror\/sortiment\/\" \/>\n<meta property=\"og:site_name\" content=\"Fiskarheden\" \/>\n<meta property=\"article:publisher\" content=\"https:\/\/www.facebook.com\/FiskarhedensTravaruAb\" \/>\n<meta property=\"article:modified_time\" content=\"2023-04-18T15:02:07+00:00\" \/>\n<meta property=\"og:image\" content=\"https:\/\/fiskarheden.se\/wp-content\/uploads\/2023\/02\/fiskarheden-truck.jpg\" \/>\n\t<meta property=\"og:image:width\" content=\"1000\" \/>\n\t<meta property=\"og:image:height\" content=\"1500\" \/>\n\t<meta property=\"og:image:type\" content=\"image\/jpeg\" \/>\n<meta name=\"twitter:card\" content=\"summary_large_image\" \/>\n<meta name=\"twitter:label1\" content=\"Est. reading time\" \/>\n\t<meta name=\"twitter:data1\" content=\"1 minute\" \/>\n<script type=\"application\/ld+json\" class=\"yoast-schema-graph\">{\"@context\":\"https:\\\/\\\/schema.org\",\"@graph\":[{\"@type\":\"WebPage\",\"@id\":\"https:\\\/\\\/fiskarheden.se\\\/en\\\/wood-products\\\/sagade-travaror\\\/sortiment\\\/\",\"url\":\"https:\\\/\\\/fiskarheden.se\\\/en\\\/wood-products\\\/sagade-travaror\\\/sortiment\\\/\",\"name\":\"V\u00e5rt sortiment av s\u00e5gade tr\u00e4varor - Fiskarheden\",\"isPartOf\":{\"@id\":\"https:\\\/\\\/fiskarheden.se\\\/en\\\/#website\"},\"primaryImageOfPage\":{\"@id\":\"https:\\\/\\\/fiskarheden.se\\\/en\\\/wood-products\\\/sagade-travaror\\\/sortiment\\\/#primaryimage\"},\"image\":{\"@id\":\"https:\\\/\\\/fiskarheden.se\\\/en\\\/wood-products\\\/sagade-travaror\\\/sortiment\\\/#primaryimage\"},\"thumbnailUrl\":\"https:\\\/\\\/fiskarheden.se\\\/wp-content\\\/uploads\\\/2023\\\/02\\\/fiskarheden-truck.jpg\",\"datePublished\":\"2023-02-08T14:13:15+00:00\",\"dateModified\":\"2023-04-18T15:02:07+00:00\",\"description\":\"Vi erbjuder ett brett sortiment i diverse kvaliteter och dimensioner. Vi \u00e4r flexibla och g\u00f6r allt f\u00f6r att leverera plankor och br\u00e4dor enligt dina \u00f6nskem\u00e5l.\",\"breadcrumb\":{\"@id\":\"https:\\\/\\\/fiskarheden.se\\\/en\\\/wood-products\\\/sagade-travaror\\\/sortiment\\\/#breadcrumb\"},\"inLanguage\":\"en-US\",\"potentialAction\":[{\"@type\":\"ReadAction\",\"target\":[\"https:\\\/\\\/fiskarheden.se\\\/en\\\/wood-products\\\/sagade-travaror\\\/sortiment\\\/\"]}]},{\"@type\":\"ImageObject\",\"inLanguage\":\"en-US\",\"@id\":\"https:\\\/\\\/fiskarheden.se\\\/en\\\/wood-products\\\/sagade-travaror\\\/sortiment\\\/#primaryimage\",\"url\":\"https:\\\/\\\/fiskarheden.se\\\/wp-content\\\/uploads\\\/2023\\\/02\\\/fiskarheden-truck.jpg\",\"contentUrl\":\"https:\\\/\\\/fiskarheden.se\\\/wp-content\\\/uploads\\\/2023\\\/02\\\/fiskarheden-truck.jpg\",\"width\":1000,\"height\":1500},{\"@type\":\"BreadcrumbList\",\"@id\":\"https:\\\/\\\/fiskarheden.se\\\/en\\\/wood-products\\\/sagade-travaror\\\/sortiment\\\/#breadcrumb\",\"itemListElement\":[{\"@type\":\"ListItem\",\"position\":1,\"name\":\"Hem\",\"item\":\"https:\\\/\\\/fiskarheden.se\\\/en\\\/\"},{\"@type\":\"ListItem\",\"position\":2,\"name\":\"Wood products\",\"item\":\"https:\\\/\\\/fiskarheden.se\\\/en\\\/wood-products\\\/\"},{\"@type\":\"ListItem\",\"position\":3,\"name\":\"Sawn products\",\"item\":\"https:\\\/\\\/fiskarheden.se\\\/en\\\/wood-products\\\/sagade-travaror\\\/\"},{\"@type\":\"ListItem\",\"position\":4,\"name\":\"Product range\"}]},{\"@type\":\"WebSite\",\"@id\":\"https:\\\/\\\/fiskarheden.se\\\/en\\\/#website\",\"url\":\"https:\\\/\\\/fiskarheden.se\\\/en\\\/\",\"name\":\"Fiskarheden\",\"description\":\"Timber that makes a difference\",\"publisher\":{\"@id\":\"https:\\\/\\\/fiskarheden.se\\\/en\\\/#organization\"},\"potentialAction\":[{\"@type\":\"SearchAction\",\"target\":{\"@type\":\"EntryPoint\",\"urlTemplate\":\"https:\\\/\\\/fiskarheden.se\\\/en\\\/?s={search_term_string}\"},\"query-input\":{\"@type\":\"PropertyValueSpecification\",\"valueRequired\":true,\"valueName\":\"search_term_string\"}}],\"inLanguage\":\"en-US\"},{\"@type\":\"Organization\",\"@id\":\"https:\\\/\\\/fiskarheden.se\\\/en\\\/#organization\",\"name\":\"Fiskarheden\",\"url\":\"https:\\\/\\\/fiskarheden.se\\\/en\\\/\",\"logo\":{\"@type\":\"ImageObject\",\"inLanguage\":\"en-US\",\"@id\":\"https:\\\/\\\/fiskarheden.se\\\/en\\\/#\\\/schema\\\/logo\\\/image\\\/\",\"url\":\"https:\\\/\\\/fiskarheden.se\\\/wp-content\\\/uploads\\\/2022\\\/12\\\/logo-at-2x.png\",\"contentUrl\":\"https:\\\/\\\/fiskarheden.se\\\/wp-content\\\/uploads\\\/2022\\\/12\\\/logo-at-2x.png\",\"width\":532,\"height\":88,\"caption\":\"Fiskarheden\"},\"image\":{\"@id\":\"https:\\\/\\\/fiskarheden.se\\\/en\\\/#\\\/schema\\\/logo\\\/image\\\/\"},\"sameAs\":[\"https:\\\/\\\/www.facebook.com\\\/FiskarhedensTravaruAb\"]}]}<\/script>\n<!-- \/ Yoast SEO plugin. -->","yoast_head_json":{"title":"V\u00e5rt sortiment av s\u00e5gade tr\u00e4varor - Fiskarheden","description":"Vi erbjuder ett brett sortiment i diverse kvaliteter och dimensioner. Vi \u00e4r flexibla och g\u00f6r allt f\u00f6r att leverera plankor och br\u00e4dor enligt dina \u00f6nskem\u00e5l.","robots":{"index":"index","follow":"follow","max-snippet":"max-snippet:-1","max-image-preview":"max-image-preview:large","max-video-preview":"max-video-preview:-1"},"canonical":"https:\/\/fiskarheden.se\/en\/wood-products\/sagade-travaror\/sortiment\/","og_locale":"en_US","og_type":"article","og_title":"V\u00e5rt sortiment av s\u00e5gade tr\u00e4varor - Fiskarheden","og_description":"Vi erbjuder ett brett sortiment i diverse kvaliteter och dimensioner. Vi \u00e4r flexibla och g\u00f6r allt f\u00f6r att leverera plankor och br\u00e4dor enligt dina \u00f6nskem\u00e5l.","og_url":"https:\/\/fiskarheden.se\/en\/wood-products\/sagade-travaror\/sortiment\/","og_site_name":"Fiskarheden","article_publisher":"https:\/\/www.facebook.com\/FiskarhedensTravaruAb","article_modified_time":"2023-04-18T15:02:07+00:00","og_image":[{"width":1000,"height":1500,"url":"https:\/\/fiskarheden.se\/wp-content\/uploads\/2023\/02\/fiskarheden-truck.jpg","type":"image\/jpeg"}],"twitter_card":"summary_large_image","twitter_misc":{"Est. reading time":"1 minute"},"schema":{"@context":"https:\/\/schema.org","@graph":[{"@type":"WebPage","@id":"https:\/\/fiskarheden.se\/en\/wood-products\/sagade-travaror\/sortiment\/","url":"https:\/\/fiskarheden.se\/en\/wood-products\/sagade-travaror\/sortiment\/","name":"V\u00e5rt sortiment av s\u00e5gade tr\u00e4varor - Fiskarheden","isPartOf":{"@id":"https:\/\/fiskarheden.se\/en\/#website"},"primaryImageOfPage":{"@id":"https:\/\/fiskarheden.se\/en\/wood-products\/sagade-travaror\/sortiment\/#primaryimage"},"image":{"@id":"https:\/\/fiskarheden.se\/en\/wood-products\/sagade-travaror\/sortiment\/#primaryimage"},"thumbnailUrl":"https:\/\/fiskarheden.se\/wp-content\/uploads\/2023\/02\/fiskarheden-truck.jpg","datePublished":"2023-02-08T14:13:15+00:00","dateModified":"2023-04-18T15:02:07+00:00","description":"Vi erbjuder ett brett sortiment i diverse kvaliteter och dimensioner. Vi \u00e4r flexibla och g\u00f6r allt f\u00f6r att leverera plankor och br\u00e4dor enligt dina \u00f6nskem\u00e5l.","breadcrumb":{"@id":"https:\/\/fiskarheden.se\/en\/wood-products\/sagade-travaror\/sortiment\/#breadcrumb"},"inLanguage":"en-US","potentialAction":[{"@type":"ReadAction","target":["https:\/\/fiskarheden.se\/en\/wood-products\/sagade-travaror\/sortiment\/"]}]},{"@type":"ImageObject","inLanguage":"en-US","@id":"https:\/\/fiskarheden.se\/en\/wood-products\/sagade-travaror\/sortiment\/#primaryimage","url":"https:\/\/fiskarheden.se\/wp-content\/uploads\/2023\/02\/fiskarheden-truck.jpg","contentUrl":"https:\/\/fiskarheden.se\/wp-content\/uploads\/2023\/02\/fiskarheden-truck.jpg","width":1000,"height":1500},{"@type":"BreadcrumbList","@id":"https:\/\/fiskarheden.se\/en\/wood-products\/sagade-travaror\/sortiment\/#breadcrumb","itemListElement":[{"@type":"ListItem","position":1,"name":"Hem","item":"https:\/\/fiskarheden.se\/en\/"},{"@type":"ListItem","position":2,"name":"Wood products","item":"https:\/\/fiskarheden.se\/en\/wood-products\/"},{"@type":"ListItem","position":3,"name":"Sawn products","item":"https:\/\/fiskarheden.se\/en\/wood-products\/sagade-travaror\/"},{"@type":"ListItem","position":4,"name":"Product range"}]},{"@type":"WebSite","@id":"https:\/\/fiskarheden.se\/en\/#website","url":"https:\/\/fiskarheden.se\/en\/","name":"Fiskarheden","description":"Timber that makes a difference","publisher":{"@id":"https:\/\/fiskarheden.se\/en\/#organization"},"potentialAction":[{"@type":"SearchAction","target":{"@type":"EntryPoint","urlTemplate":"https:\/\/fiskarheden.se\/en\/?s={search_term_string}"},"query-input":{"@type":"PropertyValueSpecification","valueRequired":true,"valueName":"search_term_string"}}],"inLanguage":"en-US"},{"@type":"Organization","@id":"https:\/\/fiskarheden.se\/en\/#organization","name":"Fiskarheden","url":"https:\/\/fiskarheden.se\/en\/","logo":{"@type":"ImageObject","inLanguage":"en-US","@id":"https:\/\/fiskarheden.se\/en\/#\/schema\/logo\/image\/","url":"https:\/\/fiskarheden.se\/wp-content\/uploads\/2022\/12\/logo-at-2x.png","contentUrl":"https:\/\/fiskarheden.se\/wp-content\/uploads\/2022\/12\/logo-at-2x.png","width":532,"height":88,"caption":"Fiskarheden"},"image":{"@id":"https:\/\/fiskarheden.se\/en\/#\/schema\/logo\/image\/"},"sameAs":["https:\/\/www.facebook.com\/FiskarhedensTravaruAb"]}]}},"_links":{"self":[{"href":"https:\/\/fiskarheden.se\/en\/wp-json\/wp\/v2\/pages\/3950","targetHints":{"allow":["GET"]}}],"collection":[{"href":"https:\/\/fiskarheden.se\/en\/wp-json\/wp\/v2\/pages"}],"about":[{"href":"https:\/\/fiskarheden.se\/en\/wp-json\/wp\/v2\/types\/page"}],"author":[{"embeddable":true,"href":"https:\/\/fiskarheden.se\/en\/wp-json\/wp\/v2\/users\/2"}],"replies":[{"embeddable":true,"href":"https:\/\/fiskarheden.se\/en\/wp-json\/wp\/v2\/comments?post=3950"}],"version-history":[{"count":6,"href":"https:\/\/fiskarheden.se\/en\/wp-json\/wp\/v2\/pages\/3950\/revisions"}],"predecessor-version":[{"id":4295,"href":"https:\/\/fiskarheden.se\/en\/wp-json\/wp\/v2\/pages\/3950\/revisions\/4295"}],"up":[{"embeddable":true,"href":"https:\/\/fiskarheden.se\/en\/wp-json\/wp\/v2\/pages\/3936"}],"wp:featuredmedia":[{"embeddable":true,"href":"https:\/\/fiskarheden.se\/en\/wp-json\/wp\/v2\/media\/3200"}],"wp:attachment":[{"href":"https:\/\/fiskarheden.se\/en\/wp-json\/wp\/v2\/media?parent=3950"}],"curies":[{"name":"wp","href":"https:\/\/api.w.org\/{rel}","templated":true}]}}