{"id":3851,"date":"2023-03-16T13:41:46","date_gmt":"2023-03-16T12:41:46","guid":{"rendered":"https:\/\/fiskarheden.se\/skog\/lokala-skogskontor\/"},"modified":"2023-04-17T15:56:33","modified_gmt":"2023-04-17T13:56:33","slug":"local-forestry-offices","status":"publish","type":"page","link":"https:\/\/fiskarheden.se\/en\/skog\/local-forestry-offices\/","title":{"rendered":"Local forestry offices"},"content":{"rendered":"\n<h2 class=\"wp-block-heading\">We are close to you<\/h2>\n\n\n\n<p>We have local offices all over our purchasing area. We at Fiskarheden know the area and care about it. Talk to us if you are thinking about anything to do with the forest. We ensure that you get the right value from your forest, while protecting the environment and climate.<\/p>\n\n\n<a href=\"https:\/\/fiskarheden.se\/en\/skog\/find-timber-buyers\/\" target=\"_self\"\n    class=\"rounded inline-block transition-all hover:underline flex items-center font-semibold leading-none py-5 bg-theme-blue-standard text-white hover:bg-theme-blue-dark px-8 py-4 my-2 w-fit flex justify-center items-center font-medium\">\n    <svg xmlns=\"http:\/\/www.w3.org\/2000\/svg\" viewBox=\"0 0 12 12\" class=\"-rotate-90 h-3 fill-white inline-block mr-1\">\n    <polygon points=\"10.6 2.44998779 6 7.04998779 1.4 2.44998779 0 3.84998779 6 9.84998779 12 3.84998779\">\n    <\/polygon>\n<\/svg>\nFind your nearest timber purchaser<\/a>\n\n\n\n<hr class=\"wp-block-separator has-alpha-channel-opacity\"\/>\n\n\n\n<h3 class=\"wp-block-heading\">Our local forestry offices<\/h3>\n\n\n\n<p><strong>Lima<\/strong><br>Kyrkbyn 104 G, 78064 Lima<br><a href=\"https:\/\/www.google.com\/maps\/place\/Lima+Besparingsskog\/@60.9349364,13.3577547,17z\/data=!3m1!4b1!4m6!3m5!1s0x46683bd06601ceed:0xd36889e7e703fd3!8m2!3d60.9349338!4d13.3599434!16s%2Fg%2F1hc508rnk\" target=\"_blank\" rel=\"noreferrer noopener\">View on map<\/a><\/p>\n\n\n\n<p><strong>Malung<\/strong><br>Torggatan 4, 782 31 Malung<br><a href=\"https:\/\/www.google.com\/maps\/place\/Torggatan+4,+782+31+Malung\/@60.684796,13.7132454,17z\/data=!3m1!4b1!4m6!3m5!1s0x46681cef30b08f97:0xd6cfe9abadb49e37!8m2!3d60.684796!4d13.7154394!16s%2Fg%2F11c43w89p5\" target=\"_blank\" rel=\"noreferrer noopener\">View on map<\/a><\/p>\n\n\n\n<p><strong>Mora<\/strong><br>H\u00e4stv\u00e4gen 2, 792 37 Mora<br><a href=\"https:\/\/www.google.com\/maps\/place\/H%C3%A4stv%C3%A4gen+2,+792+37+Mora\/@61.0017109,14.5319665,17z\/data=!3m1!4b1!4m6!3m5!1s0x4667dc8656d3ed5b:0x975df283f6430a72!8m2!3d61.0017109!4d14.5341605!16s%2Fg%2F11c5ntpzbj\" target=\"_blank\" rel=\"noreferrer noopener\">View on map<\/a><\/p>\n\n\n\n<p><strong>\u00c4lvdalen<\/strong><br>Dalgatan 112, 796 30 \u00c4lvdalen<br><a href=\"https:\/\/www.google.com\/maps\/place\/Dalgatan+112,+796+30+%C3%84lvdalen\/@61.2309647,14.0351145,17z\/data=!3m1!4b1!4m6!3m5!1s0x466864eb35822f6d:0x2315a68b10534847!8m2!3d61.2309647!4d14.0373085!16s%2Fg%2F11cncj9b7r\" target=\"_blank\" rel=\"noreferrer noopener\">View on map<\/a><\/p>\n\n\n\n<p><strong>Furudal<\/strong><br>Furudalsv\u00e4gen 831, 790 70 Furudal<br><a href=\"https:\/\/www.google.com\/maps\/place\/Furudalsv%C3%A4gen+831,+790+70+Furudal\/@61.1681119,15.1324961,17z\/data=!3m1!4b1!4m6!3m5!1s0x4667b44d3d1e7815:0xf523557aac241626!8m2!3d61.1681119!4d15.1346901!16s%2Fg%2F11cplfd1zt\" target=\"_blank\" rel=\"noreferrer noopener\">View on map<\/a><\/p>\n\n\n\n<p><strong>Torsby<\/strong><br>Bergebyv\u00e4gen 4, 685 30 Torsby<br><a href=\"https:\/\/www.google.com\/maps\/place\/Bergebyv%C3%A4gen+4,+685+34+Torsby\/@60.1425067,13.0081247,17z\/data=!3m1!4b1!4m6!3m5!1s0x4642e8ba924c4e7d:0x719446ab2d13401!8m2!3d60.1425067!4d13.0103187!16s%2Fg%2F11cpp919xw\" target=\"_blank\" rel=\"noreferrer noopener\">View on map<\/a><\/p>\n\n\n\n<p><strong>V\u00e4rn\u00e4s<\/strong><br>V\u00e4rn\u00e4smon 29, 680 51 St\u00f6llet&nbsp;<br><a href=\"https:\/\/www.google.com\/maps\/place\/60%C2%B025'24.7%22N+13%C2%B015'32.2%22E\/@60.423532,13.258937,17z\/data=!3m1!4b1!4m4!3m3!8m2!3d60.423532!4d13.258937\" target=\"_blank\" rel=\"noreferrer noopener\">View on map<\/a><\/p>\n\n\n\n<p><\/p>\n\n\n\n<p><\/p>\n","protected":false},"excerpt":{"rendered":"<p>We are close to you We have local offices all over our purchasing area. We at Fiskarheden know the area and care about it. Talk to us if you are thinking about anything to do with the forest. We ensure that you get the right value from your forest, while protecting the environment and climate. [&hellip;]<\/p>\n","protected":false},"author":4,"featured_media":3390,"parent":3826,"menu_order":0,"comment_status":"closed","ping_status":"closed","template":"information","meta":{"_acf_changed":false,"footnotes":""},"class_list":["post-3851","page","type-page","status-publish","has-post-thumbnail","hentry"],"acf":[],"yoast_head":"<!-- This site is optimized with the Yoast SEO plugin v27.4 - https:\/\/yoast.com\/product\/yoast-seo-wordpress\/ -->\n<title>Local forestry offices - Fiskarheden<\/title>\n<meta name=\"description\" content=\"We have local offices all over our shopping area. We at Fiskarheden know the area and care about it. Talk to us about anything to do with the forest.\" \/>\n<meta name=\"robots\" content=\"index, follow, max-snippet:-1, max-image-preview:large, max-video-preview:-1\" \/>\n<link rel=\"canonical\" href=\"https:\/\/fiskarheden.se\/en\/skog\/local-forestry-offices\/\" \/>\n<meta property=\"og:locale\" content=\"en_US\" \/>\n<meta property=\"og:type\" content=\"article\" \/>\n<meta property=\"og:title\" content=\"Local forestry offices - Fiskarheden\" \/>\n<meta property=\"og:description\" content=\"We have local offices all over our shopping area. We at Fiskarheden know the area and care about it. Talk to us about anything to do with the forest.\" \/>\n<meta property=\"og:url\" content=\"https:\/\/fiskarheden.se\/en\/skog\/local-forestry-offices\/\" \/>\n<meta property=\"og:site_name\" content=\"Fiskarheden\" \/>\n<meta property=\"article:publisher\" content=\"https:\/\/www.facebook.com\/FiskarhedensTravaruAb\" \/>\n<meta property=\"article:modified_time\" content=\"2023-04-17T13:56:33+00:00\" \/>\n<meta property=\"og:image\" content=\"https:\/\/fiskarheden.se\/wp-content\/uploads\/2023\/03\/karta-lokala-kontor.jpg\" \/>\n\t<meta property=\"og:image:width\" content=\"931\" \/>\n\t<meta property=\"og:image:height\" content=\"1117\" \/>\n\t<meta property=\"og:image:type\" content=\"image\/jpeg\" \/>\n<meta name=\"twitter:card\" content=\"summary_large_image\" \/>\n<meta name=\"twitter:label1\" content=\"Est. reading time\" \/>\n\t<meta name=\"twitter:data1\" content=\"1 minute\" \/>\n<script type=\"application\/ld+json\" class=\"yoast-schema-graph\">{\"@context\":\"https:\\\/\\\/schema.org\",\"@graph\":[{\"@type\":\"WebPage\",\"@id\":\"https:\\\/\\\/fiskarheden.se\\\/en\\\/skog\\\/local-forestry-offices\\\/\",\"url\":\"https:\\\/\\\/fiskarheden.se\\\/en\\\/skog\\\/local-forestry-offices\\\/\",\"name\":\"Local forestry offices - Fiskarheden\",\"isPartOf\":{\"@id\":\"https:\\\/\\\/fiskarheden.se\\\/en\\\/#website\"},\"primaryImageOfPage\":{\"@id\":\"https:\\\/\\\/fiskarheden.se\\\/en\\\/skog\\\/local-forestry-offices\\\/#primaryimage\"},\"image\":{\"@id\":\"https:\\\/\\\/fiskarheden.se\\\/en\\\/skog\\\/local-forestry-offices\\\/#primaryimage\"},\"thumbnailUrl\":\"https:\\\/\\\/fiskarheden.se\\\/wp-content\\\/uploads\\\/2023\\\/03\\\/karta-lokala-kontor.jpg\",\"datePublished\":\"2023-03-16T12:41:46+00:00\",\"dateModified\":\"2023-04-17T13:56:33+00:00\",\"description\":\"We have local offices all over our shopping area. We at Fiskarheden know the area and care about it. Talk to us about anything to do with the forest.\",\"breadcrumb\":{\"@id\":\"https:\\\/\\\/fiskarheden.se\\\/en\\\/skog\\\/local-forestry-offices\\\/#breadcrumb\"},\"inLanguage\":\"en-US\",\"potentialAction\":[{\"@type\":\"ReadAction\",\"target\":[\"https:\\\/\\\/fiskarheden.se\\\/en\\\/skog\\\/local-forestry-offices\\\/\"]}]},{\"@type\":\"ImageObject\",\"inLanguage\":\"en-US\",\"@id\":\"https:\\\/\\\/fiskarheden.se\\\/en\\\/skog\\\/local-forestry-offices\\\/#primaryimage\",\"url\":\"https:\\\/\\\/fiskarheden.se\\\/wp-content\\\/uploads\\\/2023\\\/03\\\/karta-lokala-kontor.jpg\",\"contentUrl\":\"https:\\\/\\\/fiskarheden.se\\\/wp-content\\\/uploads\\\/2023\\\/03\\\/karta-lokala-kontor.jpg\",\"width\":931,\"height\":1117},{\"@type\":\"BreadcrumbList\",\"@id\":\"https:\\\/\\\/fiskarheden.se\\\/en\\\/skog\\\/local-forestry-offices\\\/#breadcrumb\",\"itemListElement\":[{\"@type\":\"ListItem\",\"position\":1,\"name\":\"Hem\",\"item\":\"https:\\\/\\\/fiskarheden.se\\\/en\\\/\"},{\"@type\":\"ListItem\",\"position\":2,\"name\":\"Forestry\",\"item\":\"https:\\\/\\\/fiskarheden.se\\\/en\\\/skog\\\/\"},{\"@type\":\"ListItem\",\"position\":3,\"name\":\"Local forestry offices\"}]},{\"@type\":\"WebSite\",\"@id\":\"https:\\\/\\\/fiskarheden.se\\\/en\\\/#website\",\"url\":\"https:\\\/\\\/fiskarheden.se\\\/en\\\/\",\"name\":\"Fiskarheden\",\"description\":\"Timber that makes a difference\",\"publisher\":{\"@id\":\"https:\\\/\\\/fiskarheden.se\\\/en\\\/#organization\"},\"potentialAction\":[{\"@type\":\"SearchAction\",\"target\":{\"@type\":\"EntryPoint\",\"urlTemplate\":\"https:\\\/\\\/fiskarheden.se\\\/en\\\/?s={search_term_string}\"},\"query-input\":{\"@type\":\"PropertyValueSpecification\",\"valueRequired\":true,\"valueName\":\"search_term_string\"}}],\"inLanguage\":\"en-US\"},{\"@type\":\"Organization\",\"@id\":\"https:\\\/\\\/fiskarheden.se\\\/en\\\/#organization\",\"name\":\"Fiskarheden\",\"url\":\"https:\\\/\\\/fiskarheden.se\\\/en\\\/\",\"logo\":{\"@type\":\"ImageObject\",\"inLanguage\":\"en-US\",\"@id\":\"https:\\\/\\\/fiskarheden.se\\\/en\\\/#\\\/schema\\\/logo\\\/image\\\/\",\"url\":\"https:\\\/\\\/fiskarheden.se\\\/wp-content\\\/uploads\\\/2022\\\/12\\\/logo-at-2x.png\",\"contentUrl\":\"https:\\\/\\\/fiskarheden.se\\\/wp-content\\\/uploads\\\/2022\\\/12\\\/logo-at-2x.png\",\"width\":532,\"height\":88,\"caption\":\"Fiskarheden\"},\"image\":{\"@id\":\"https:\\\/\\\/fiskarheden.se\\\/en\\\/#\\\/schema\\\/logo\\\/image\\\/\"},\"sameAs\":[\"https:\\\/\\\/www.facebook.com\\\/FiskarhedensTravaruAb\"]}]}<\/script>\n<!-- \/ Yoast SEO plugin. -->","yoast_head_json":{"title":"Local forestry offices - Fiskarheden","description":"We have local offices all over our shopping area. We at Fiskarheden know the area and care about it. Talk to us about anything to do with the forest.","robots":{"index":"index","follow":"follow","max-snippet":"max-snippet:-1","max-image-preview":"max-image-preview:large","max-video-preview":"max-video-preview:-1"},"canonical":"https:\/\/fiskarheden.se\/en\/skog\/local-forestry-offices\/","og_locale":"en_US","og_type":"article","og_title":"Local forestry offices - Fiskarheden","og_description":"We have local offices all over our shopping area. We at Fiskarheden know the area and care about it. Talk to us about anything to do with the forest.","og_url":"https:\/\/fiskarheden.se\/en\/skog\/local-forestry-offices\/","og_site_name":"Fiskarheden","article_publisher":"https:\/\/www.facebook.com\/FiskarhedensTravaruAb","article_modified_time":"2023-04-17T13:56:33+00:00","og_image":[{"width":931,"height":1117,"url":"https:\/\/fiskarheden.se\/wp-content\/uploads\/2023\/03\/karta-lokala-kontor.jpg","type":"image\/jpeg"}],"twitter_card":"summary_large_image","twitter_misc":{"Est. reading time":"1 minute"},"schema":{"@context":"https:\/\/schema.org","@graph":[{"@type":"WebPage","@id":"https:\/\/fiskarheden.se\/en\/skog\/local-forestry-offices\/","url":"https:\/\/fiskarheden.se\/en\/skog\/local-forestry-offices\/","name":"Local forestry offices - Fiskarheden","isPartOf":{"@id":"https:\/\/fiskarheden.se\/en\/#website"},"primaryImageOfPage":{"@id":"https:\/\/fiskarheden.se\/en\/skog\/local-forestry-offices\/#primaryimage"},"image":{"@id":"https:\/\/fiskarheden.se\/en\/skog\/local-forestry-offices\/#primaryimage"},"thumbnailUrl":"https:\/\/fiskarheden.se\/wp-content\/uploads\/2023\/03\/karta-lokala-kontor.jpg","datePublished":"2023-03-16T12:41:46+00:00","dateModified":"2023-04-17T13:56:33+00:00","description":"We have local offices all over our shopping area. We at Fiskarheden know the area and care about it. Talk to us about anything to do with the forest.","breadcrumb":{"@id":"https:\/\/fiskarheden.se\/en\/skog\/local-forestry-offices\/#breadcrumb"},"inLanguage":"en-US","potentialAction":[{"@type":"ReadAction","target":["https:\/\/fiskarheden.se\/en\/skog\/local-forestry-offices\/"]}]},{"@type":"ImageObject","inLanguage":"en-US","@id":"https:\/\/fiskarheden.se\/en\/skog\/local-forestry-offices\/#primaryimage","url":"https:\/\/fiskarheden.se\/wp-content\/uploads\/2023\/03\/karta-lokala-kontor.jpg","contentUrl":"https:\/\/fiskarheden.se\/wp-content\/uploads\/2023\/03\/karta-lokala-kontor.jpg","width":931,"height":1117},{"@type":"BreadcrumbList","@id":"https:\/\/fiskarheden.se\/en\/skog\/local-forestry-offices\/#breadcrumb","itemListElement":[{"@type":"ListItem","position":1,"name":"Hem","item":"https:\/\/fiskarheden.se\/en\/"},{"@type":"ListItem","position":2,"name":"Forestry","item":"https:\/\/fiskarheden.se\/en\/skog\/"},{"@type":"ListItem","position":3,"name":"Local forestry offices"}]},{"@type":"WebSite","@id":"https:\/\/fiskarheden.se\/en\/#website","url":"https:\/\/fiskarheden.se\/en\/","name":"Fiskarheden","description":"Timber that makes a difference","publisher":{"@id":"https:\/\/fiskarheden.se\/en\/#organization"},"potentialAction":[{"@type":"SearchAction","target":{"@type":"EntryPoint","urlTemplate":"https:\/\/fiskarheden.se\/en\/?s={search_term_string}"},"query-input":{"@type":"PropertyValueSpecification","valueRequired":true,"valueName":"search_term_string"}}],"inLanguage":"en-US"},{"@type":"Organization","@id":"https:\/\/fiskarheden.se\/en\/#organization","name":"Fiskarheden","url":"https:\/\/fiskarheden.se\/en\/","logo":{"@type":"ImageObject","inLanguage":"en-US","@id":"https:\/\/fiskarheden.se\/en\/#\/schema\/logo\/image\/","url":"https:\/\/fiskarheden.se\/wp-content\/uploads\/2022\/12\/logo-at-2x.png","contentUrl":"https:\/\/fiskarheden.se\/wp-content\/uploads\/2022\/12\/logo-at-2x.png","width":532,"height":88,"caption":"Fiskarheden"},"image":{"@id":"https:\/\/fiskarheden.se\/en\/#\/schema\/logo\/image\/"},"sameAs":["https:\/\/www.facebook.com\/FiskarhedensTravaruAb"]}]}},"_links":{"self":[{"href":"https:\/\/fiskarheden.se\/en\/wp-json\/wp\/v2\/pages\/3851","targetHints":{"allow":["GET"]}}],"collection":[{"href":"https:\/\/fiskarheden.se\/en\/wp-json\/wp\/v2\/pages"}],"about":[{"href":"https:\/\/fiskarheden.se\/en\/wp-json\/wp\/v2\/types\/page"}],"author":[{"embeddable":true,"href":"https:\/\/fiskarheden.se\/en\/wp-json\/wp\/v2\/users\/4"}],"replies":[{"embeddable":true,"href":"https:\/\/fiskarheden.se\/en\/wp-json\/wp\/v2\/comments?post=3851"}],"version-history":[{"count":6,"href":"https:\/\/fiskarheden.se\/en\/wp-json\/wp\/v2\/pages\/3851\/revisions"}],"predecessor-version":[{"id":4244,"href":"https:\/\/fiskarheden.se\/en\/wp-json\/wp\/v2\/pages\/3851\/revisions\/4244"}],"up":[{"embeddable":true,"href":"https:\/\/fiskarheden.se\/en\/wp-json\/wp\/v2\/pages\/3826"}],"wp:featuredmedia":[{"embeddable":true,"href":"https:\/\/fiskarheden.se\/en\/wp-json\/wp\/v2\/media\/3390"}],"wp:attachment":[{"href":"https:\/\/fiskarheden.se\/en\/wp-json\/wp\/v2\/media?parent=3851"}],"curies":[{"name":"wp","href":"https:\/\/api.w.org\/{rel}","templated":true}]}}